{"id":1097,"date":"2011-06-30T15:41:19","date_gmt":"2011-06-30T15:41:19","guid":{"rendered":"http:\/\/www.cpcc.ca\/en\/?page_id=1097"},"modified":"2020-10-16T15:29:44","modified_gmt":"2020-10-16T19:29:44","slug":"frequently-asked-questions","status":"publish","type":"page","link":"https:\/\/www.cpcc.ca\/en\/frequently-asked-questions","title":{"rendered":"Frequently Asked Questions"},"content":{"rendered":"<p><a href=\"http:\/\/www.cpcc.ca\/en\/wp-content\/uploads\/2011\/06\/CPCC-Logo-109x109.bmp\"><img decoding=\"async\" class=\"alignleft size-full wp-image-1098\" title=\"CPCC Logo 109x109\" src=\"http:\/\/www.cpcc.ca\/en\/wp-content\/uploads\/2011\/06\/CPCC-Logo-109x109.bmp\" alt=\"\" \/><\/a><\/p>\n<p><strong>Canadian Private Copying Collective\u00a0 &#8211; CPCC<\/strong><br \/>\n<strong>Soci\u00e9t\u00e9 canadienne de perception de la copie priv\u00e9e\u00a0 &#8211; SCPCP<\/strong><br \/>\n1235 Bay Street, Suite 900, Toronto, Ontario M5R 3K4<\/p>\n<p>416 486 6832<br \/>\n1 800 892 7235<br \/>\n416 486 3064 [FAX]<br \/>\n<a href=\"http:\/\/www.cpcc.ca\/en\/\" target=\"_blank\" rel=\"noopener noreferrer\">www.cpcc.ca<\/a><\/p>\n<h2><\/h2>\n<p>&nbsp;<\/p>\n<h2><strong>Frequently Asked Questions<br \/>\n<\/strong><\/h2>\n<p><strong>\u00a0<\/strong><\/p>\n<p>1) <strong>What is the Canadian Private Copying Collective (CPCC)?<\/strong><\/p>\n<p>Established in 1999, the CPCC is a non-profit umbrella organization responsible for collecting and distributing private copying levies on behalf of its member collectives (CMRRA, SOCAN, and Re:Sound). Since 1999, CPCC has distributed over $300 million to over 100,000 songwriters, composers, music publishers, recording artists, musicians and record companies.<\/p>\n<p>2) <strong>What is private copying?<\/strong><\/p>\n<p>A \u201cprivate copy\u201d is a copy you make of your music collection for your own personal use, anywhere, anytime. A personal compilation of favourite songs is a good example of how people typically create private copies.<\/p>\n<p>Part VIII of the\u00a0<em>Copyright Act<\/em>\u00a0allows consumers to copy recorded music for their own personal use.\u00a0 In exchange, the private copying levy was created to compensate music rights holders for private copies made of their music. Similar levies are collected in over 40 countries around the world.<\/p>\n<p>3) <strong>What is the private copying levy?<\/strong><\/p>\n<p>The private copying levy is a royalty that exists to provide compensation to songwriters, composers, music publishers, recording artists, musicians and record companies for private copies made of their music. These rights-holders are paid a small royalty (a levy) whenever a business sells the kinds of media that are ordinarily used for private copying. The media that the levy applies to and the rates that are charged are determined by the Copyright Board of Canada, based upon evidence presented in a formal public hearing. Currently, the levy only applies to blank CDs \u2013 a medium that is on its way to obsolescence.<\/p>\n<p>4) <strong>Isn\u2019t this just another tax by the federal government?<\/strong><\/p>\n<p>The private copying levy is earned income for creators and music companies and helps them to continue to create music. The private copying levy is not a tax, charity, or subsidy program. Unlike a tax, which is collected by the government, the private copying levy is a royalty collected by the CPCC to provide remuneration to music rights-holders for the use of their work for private copying.<\/p>\n<p>5) <strong>Who is entitled to receive private copying royalties?<\/strong><\/p>\n<p>Private copying royalties are distributed to music authors, music publishers, recording artists and record companies through the CPCC\u2019s <a href=\"http:\/\/www.cpcc.ca\/en\/the-cpcc\" target=\"_blank\" rel=\"noopener noreferrer\">member collectives.<\/a> While music authors and publishers may qualify regardless of their nationality, only Canadian performers and Canadian record companies qualify to receive the private copying levy.<\/p>\n<p>The Copyright Board of Canada determines the allocation of royalties to be distributed amongst the different categories of rights holders. The allocation for each year is as follows:<\/p>\n<p><strong>2010 \u2013 2021:<\/strong><\/p>\n<ul>\n<li>Music authors and publishers: 58.2%<\/li>\n<li>Performers: 23.8%<\/li>\n<li>Record companies: 18%<\/li>\n<\/ul>\n<p><a href=\"http:\/\/www.cpcc.ca\/en\/wp-content\/uploads\/2017\/12\/Allocation-of-Levies-2000-2019-EN.pdf\">Click here to see Allocation of Levies for earlier years<\/a><\/p>\n<p>6) <strong>How much money has been distributed?<\/strong><\/p>\n<p>Since 1999, CPCC has distributed over $300 million to over 100,000 songwriters, composers, music publishers, recording artists, musicians and record companies.<\/p>\n<p>7)\u00a0 <strong>What is the distribution process?<\/strong><\/p>\n<p>The CPCC and its member collectives have developed a distribution process that ensures royalties are fairly distributed to the tens of thousands of eligible rights holders. As information identifying exactly which music is being copied for personal use does not exist, the CPCC has used two comprehensive sources of information \u2013 data reflecting the recorded music that is sold both in retail outlets and online in Canada and data reflecting the recorded music that is broadcast by commercial radio stations and the CBC. Airplay and sales data are weighted equally in the distribution process and have provided the best available indication of the tracks that Canadians typically copy for private use.<\/p>\n<p>8 ) <strong>I am a rights holder. How do I sign up to receive private copying royalties?<\/strong><\/p>\n<p>Rights holders receive payment through the CPCC\u2019s <a href=\"http:\/\/www.cpcc.ca\/en\/the-cpcc\" target=\"_blank\" rel=\"noopener noreferrer\">member collectives<\/a>.<\/p>\n<p>9) <strong>What is the Copyright Board of Canada and what authority does it have?<\/strong><\/p>\n<p>The Copyright Board is an economic regulatory body empowered to establish the royalties to be paid for the use of copyrighted works.\u00a0 It determines which media are ordinarily used for private copying and sets a private copying levy on those media.<\/p>\n<p>As technologies come and go and the value of copying can change over time, the\u00a0<em>Copyright Act<\/em>\u00a0does not contain a list of specific types of media on which there should be a levy and keep fixed levy amounts for all time. Instead, it sets up a framework that allows for periodic review by the Copyright Board.<\/p>\n<p>10)<strong> How does the Copyright Board of Canada set the private copying levy rates?<\/strong><\/p>\n<p>The process by which the private copying levy rate is set is fair and open. The Copyright Board sets the private copying levy after hearing arguments from the CPCC on behalf of rights holders, the blank media industry, and other concerned individuals and organizations. The process the Copyright Board follows is described on its <a href=\"http:\/\/www.cb-cda.gc.ca\/about-apropos\/directive-e.html\">website<\/a>.<\/p>\n<p>In general, the CPCC files a proposed tariff for a fixed period. Organizations and individuals who are not in agreement with the proposed tariff may participate in the tariff hearing as objectors and offer their own arguments and evidence regarding the proposed tariff. The Copyright Board reaches a decision on which media there should be a levy and at what rate based on evidence presented by all of the participants in the tariff hearing.<\/p>\n<p>11) <strong>Who pays the private copying levy on blank audio recording media?<\/strong><\/p>\n<p>Importers and manufacturers are required to pay the private copying levy on blank audio recording media sold or otherwise disposed of in Canada. The levy does not apply to blank media that are exported from Canada or sold to organizations that represent the perceptually disabled. Importers and manufacturers include the levy in the cost of the blank media sold to retailers who in turn include the amount of the levy in the price of the media to consumers.<\/p>\n<p>12) <strong>Does the private copying levy apply to all types of blank media?<\/strong><\/p>\n<p>The private copying levy only applies to blank media that is ordinarily used for private copying. The CPCC must present evidence to the Copyright Board that proves that a specific type of media is ordinarily used to copy music. An important factor in the calculation of private copying levies is the extent to which the media is also used for other purposes. The Copyright Board applies a discount to the rate of the levy to reflect that the media is used for other uses such as data storage. Although Canada used to have levies on audio cassettes and MiniDiscs, currently the private copying levy only applies to CD-Rs, CD-RWs, CD-RAs and CD-RWAs \u2013 technology that is almost obsolete.<\/p>\n<p>13) <strong>Why are levies only on blank CDs now?<\/strong><\/p>\n<p>The original intention in the wording of the <em>Copyright Act<\/em> was to make levies technologically neutral, so they could keep up with changes in how Canadians consume music. However, a major court ruling said that because the <em>Act<\/em> only talks about <strong>media<\/strong> (like, cassette tapes and blank CDs), we can\u2019t collect levies on <strong>devices<\/strong> (like phones or tablets), even though that\u2019s where most private copies are made now. Shouldn\u2019t every copy count?<\/p>\n<p>Around the world, technologically-neutral private copying levies are recognized as the best solution to make sure rights-holders are paid for private copies, but Canada hasn\u2019t kept up. Annual revenue from the private copying levy has declined by over 90%, from a high of $38 million in 2004 to just $1.1 million in 2019. CPCC is actively advocating for Canada\u2019s <em>Copyright Act<\/em> to be made technologically neutral.<\/p>\n<p>14) <strong>Hasn&#8217;t the rise of streaming made private copying obsolete anyway?<\/strong><\/p>\n<p>No \u2013Canadians still need copies of their music for offline listening, like when they can\u2019t access their streaming service. And technology keeps making it easier to copy music. Our research shows that there are 6 billion tracks of music stored on Canadians\u2019 phones and tablets right now, and about half of those copies were made in the past twelve months. The research also tells us that music rights-holders are already paid for half of the 6 billion copies because they license downloading and streaming services, but they\u2019re not being compensated for the other billions of private copies on those devices that can\u2019t be licensed. That\u2019s why we need technologically-neutral levies. How we copy music keeps changing; how creators and music companies get paid has to keep up.<\/p>\n<p>15) <strong>Zero-Rating<\/strong><\/p>\n<p><strong>a) What is the Zero-Rating Program?<\/strong><\/p>\n<p>The Zero-Rating Program is run voluntarily by the CPCC in recognition of the fact that many companies and organizations use blank audio recording media for business purposes. The program allows companies registered in the program to purchase and\/or sell blank media at a \u201czero-rate\u201d. The program is available to a wide range of groups. Purchasers are required to be certified in advance by the CPCC and must purchase media from a CPCC authorized seller.<\/p>\n<p><strong>b) Who can buy media levy-free?<\/strong><\/p>\n<p>Following is a list of the types of organizations that can qualify to join the Zero-Rating Program as buyers:<\/p>\n<ul>\n<li>advertising agencies<\/li>\n<li>broadcasters<\/li>\n<li>conference and training companies<\/li>\n<li>courts, tribunals and court reporters<\/li>\n<li>duplication facilities<\/li>\n<li>educational institutions<\/li>\n<li>firms duplicating audio and data for business<\/li>\n<li>government departments<\/li>\n<li>law enforcement agencies<\/li>\n<li>medical institutions<\/li>\n<li>the music, film and video industries<\/li>\n<li>religious organizations<\/li>\n<li>software companies<\/li>\n<li>technology companies<\/li>\n<li>telemarketing firms<\/li>\n<\/ul>\n<p>Participation in the program is open to any type of business, institution or non-profit organization, and to professional musicians who are members of the <a href=\"http:\/\/musiciansrights.ca\/\">Music Rights Organization of Canada<\/a>. Even very small businesses can qualify, regardless of whether they are incorporated or simply registered businesses.<\/p>\n<p>For more information please visit <a href=\"http:\/\/www.cpcc.ca\/en\/zero-rating\">the CPCC\u2019s Zero-Rating Program.<\/a><\/p>\n<p>16) <strong>How can I stay up-to-date with CPCC&#8217;s work?<\/strong><\/p>\n<p>You can stay in touch with us via our social media channels (<a href=\"https:\/\/www.facebook.com\/cpcc.scpcp\/\">Facebook<\/a>, <a href=\"https:\/\/twitter.com\/cpcc_scpcp\">Twitter<\/a>, <a href=\"https:\/\/www.instagram.com\/cpcc.scpcp\/\">Instagram<\/a>) and you can also <a href=\"https:\/\/mailchi.mp\/8a45c01f8a06\/cpccmailinglist\">subscribe to our newsletter here<\/a>.<\/p>\n<div>\n<hr size=\"1\" \/>\n<\/div>\n","protected":false},"excerpt":{"rendered":"<p>Canadian Private Copying Collective\u00a0 &#8211; CPCC Soci\u00e9t\u00e9 canadienne de perception de la copie priv\u00e9e\u00a0 &#8211; SCPCP 1235 Bay Street, Suite 900, Toronto, Ontario M5R 3K4 416 486 6832 1 800 892 7235 416 486 3064 [FAX] www.cpcc.ca &nbsp; Frequently Asked Questions \u00a0 1) What is the Canadian Private Copying Collective (CPCC)? Established in 1999, the [&hellip;]<\/p>\n","protected":false},"author":5,"featured_media":0,"parent":0,"menu_order":0,"comment_status":"open","ping_status":"closed","template":"subnav-page.php","meta":{"footnotes":""},"class_list":["post-1097","page","type-page","status-publish","hentry"],"_links":{"self":[{"href":"https:\/\/www.cpcc.ca\/en\/wp-json\/wp\/v2\/pages\/1097","targetHints":{"allow":["GET"]}}],"collection":[{"href":"https:\/\/www.cpcc.ca\/en\/wp-json\/wp\/v2\/pages"}],"about":[{"href":"https:\/\/www.cpcc.ca\/en\/wp-json\/wp\/v2\/types\/page"}],"author":[{"embeddable":true,"href":"https:\/\/www.cpcc.ca\/en\/wp-json\/wp\/v2\/users\/5"}],"replies":[{"embeddable":true,"href":"https:\/\/www.cpcc.ca\/en\/wp-json\/wp\/v2\/comments?post=1097"}],"version-history":[{"count":5,"href":"https:\/\/www.cpcc.ca\/en\/wp-json\/wp\/v2\/pages\/1097\/revisions"}],"predecessor-version":[{"id":2357,"href":"https:\/\/www.cpcc.ca\/en\/wp-json\/wp\/v2\/pages\/1097\/revisions\/2357"}],"wp:attachment":[{"href":"https:\/\/www.cpcc.ca\/en\/wp-json\/wp\/v2\/media?parent=1097"}],"curies":[{"name":"wp","href":"https:\/\/api.w.org\/{rel}","templated":true}]}}