{"id":1066,"date":"2011-07-28T15:35:27","date_gmt":"2011-07-28T15:35:27","guid":{"rendered":"http:\/\/www.cpcc.ca\/fr\/?page_id=1066"},"modified":"2014-07-24T16:52:22","modified_gmt":"2014-07-24T16:52:22","slug":"decisions-judiciaire","status":"publish","type":"page","link":"https:\/\/www.cpcc.ca\/fr\/decisions-judiciaire","title":{"rendered":"D\u00e9cisions judiciaires"},"content":{"rendered":"<p>Les d\u00e9cisions judiciaires pr\u00e9sent\u00e9es sur ce site web ont \u00e9t\u00e9 r\u00e9dig\u00e9es et\/ou compil\u00e9es par la Cour f\u00e9d\u00e9rale du Canada ou par la Cour f\u00e9d\u00e9rale d\u2019appel du Canada. Veuillez noter que les d\u00e9cisions judiciaires accessibles \u00e0 partir de ce site web ne constituent pas les versions officielles des d\u00e9cisions, et ne sont pas pr\u00e9sent\u00e9es ici \u00e0 titre officiel par ou au nom de la Cour.<\/p>\n<p><strong>Cour f\u00e9d\u00e9rale<\/strong><\/p>\n<p>24 avril 2012- <a href=\"http:\/\/www.cpcc.ca\/fr\/wp-content\/uploads\/2014\/07\/Jazmyns-Judgment-April-24-2012.pdf\"><span style=\"text-decoration: underline;\">Canadian Private Copying Collective v. Jazmyns Cash &amp; Carry (Ontario) Inc., 9142-0794 Quebec Inc., Amyn Abdulali Rattansey and Fatima Fazal Kapoosajala doing business as A.S Entreprises, Raja Rajab Hassan doing business as Super Value Trading International, 9156-4773 Quebec Inc. operating as Silver Star Trading, Abdul Aziz Nassimzada, Commerce Value Star International Inc., Abdul Fatah Nassimzada, 9173-2859 Quebec Inc. operating as Le Geant Du Dollar, Khalid Nassimzada,\u00a0 4370333 Canada Inc. operating as Le Geant Du Dollar-2, Omar Nassimzada and Amyn Abdulali Rattansey<\/span> FC T<\/a>-1298-08 (Anglais seulment)<\/p>\n<p>29 octobre 2010 &#8211; <a href=\"http:\/\/decisions.fct-cf.gc.ca\/fc-cf\/decisions\/en\/item\/57501\/index.do \" target=\"_blank\">Canadian Private Copying Collective v. Data Media Products Inc.<\/a> 2009 FC 1277 (Anglais seulment)<\/p>\n<p>20 mai 2010 &#8211; <a href=\"http:\/\/www.cpcc.ca\/en\/wp-content\/uploads\/2011\/03\/CPCC-v-Giant-Imports-May-20-2010.pdf\">Canadian Private Copying Collective v Giant Imports<\/a> (Anglais seulment)<\/p>\n<p>23 mars 2010 &#8211;<a href=\"http:\/\/decisions.fct-cf.gc.ca\/fc-cf\/decisions\/en\/item\/57863\/index.do\"> Canadian Private Copying Collective v. Blue Media Group, Computer Ultra Corporation and Computer Ultra Distribution<\/a> 2010 FC 328 (Anglais seulment)<\/p>\n<p>28 janvier 2010 &#8211; <a href=\"http:\/\/decisions.fct-cf.gc.ca\/fc-cf\/decisions\/en\/item\/57636\/index.do\">Canadian Private Copying Collective v. J &amp; E Media Inc. et al 2010 FC 102<\/a>\u2013 (Anglais seulment)<\/p>\n<p>9 juillet 2009 &#8211; <a href=\"http:\/\/www.cpcc.ca\/en\/wp-content\/uploads\/2011\/03\/CPCC-v-Red-Coast-Imports-Inc.-July-9-2009.pdf\">Canadian Private Copying Collective v Red Coast Imports Inc.<\/a> 2009 FC T-2009-07 (Anglais seulment)<\/p>\n<p>19 mai 2009 &#8211; <a href=\"http:\/\/www.cpcc.ca\/en\/wp-content\/uploads\/2011\/03\/CPCC-v-Rakstak-Enterprises-Inc-May-19-2009.pdf\">Canadian Private Copying Collective v Rakstak Enterprises Inc<\/a> 2009 FC T-1097-07 (Anglais seulment)<\/p>\n<p>6 mars 2009 &#8211; <a href=\"http:\/\/www.cpcc.ca\/en\/wp-content\/uploads\/2011\/03\/CPCC-v-Pacific-Royal-Enterprises-et-al-March-6-2009.pdf\">Canadian Private Copying Collective v Pacific Royal Enterprises<\/a> et al 2009 FC T-1170-04 (Anglais seulment)<\/p>\n<p>29 janvier 2009 &#8211;\u00a0<a href=\"http:\/\/decisions.fct-cf.gc.ca\/en\/2009\/2009fc97\/2009fc97.html\" target=\"_blank\">CPCC v. Red Coast Imports Inc.<\/a>\u00a02009 FC 97 (Anglais seulement)<\/p>\n<p>09 juin 2008 &#8211;\u00a0<a href=\"http:\/\/decisions.fct-cf.gc.ca\/en\/2008\/2008fc718\/2008fc718.html\" target=\"_blank\">CPCC v. Plus Media Inc. and Plus Media (Canada) Inc. and Calvin Xu (A.K.A. Qi Xu)<\/a>\u00a02008 FC718 (Anglais seulement)<\/p>\n<p>21 mai 2008 &#8211;\u00a0<a href=\"http:\/\/decisions.fct-cf.gc.ca\/en\/2008\/2008fc636\/2008fc636.html\" target=\"_blank\">CPCC v. First Choice Recording Media Inc., M3 Technology Inc., AM\/FM Marketing Ltd., Ion Tech Ltd., Shi Guang Phan and Harry Cheung<\/a>\u00a02008 FC 636 (Anglais seulement)<\/p>\n<p>17 decembre 2007 &#8211; <a href=\"http:\/\/www.cpcc.ca\/en\/wp-content\/uploads\/2011\/03\/CPCC-v-KMP-Marketing-International-Inc-et-al.-December-17-2007.pdfpdf.pdf\">Canadian Private Copying Collective v KMP Marketing International Inc<\/a> et al FC T-814-06 (Anglais seulment)<\/p>\n<p>28 ao\u00fbt 2007 &#8211;\u00a0<a href=\"http:\/\/decisions.fct-cf.gc.ca\/en\/2007\/2007fc858\/2007fc858.html\" target=\"_blank\">CPCC v. Z.E.I. Media Plus Inc. and Zanin CD\/DVD Inc. and Joseph Lemme<\/a>\u00a02007 FC858 (Anglais seulement)<\/p>\n<p>22 d\u00e9cembre 2006 &#8211;\u00a0<a href=\"http:\/\/decisions.fct-cf.gc.ca\/en\/2006\/2006fc1546\/2006fc1546.html\">CPCC v. Z.E.I. Media Plus Inc. and Zanin CD\/DVD Inc. and Joseph Lemme<\/a>\u00a02006 FC1546 (Anglais seulement)<\/p>\n<p>29 novembre 2006 &#8211;\u00a0<a href=\"http:\/\/cpcc.ca\/francais\/pdf\/decisions%20judiciaires\/Canadian-Private-Copying-Collective-v-Gogh-Wholesale-Inc-2006-FC-1449-Anglais%20seulement-.pdf\" target=\"_blank\">Canadian Private Copying Collective v. Gogh Wholesale Inc.<\/a>\u00a02006 FC 1449 (Anglais seulement)<\/p>\n<p>25 octobre 2006 &#8211;\u00a0<a href=\"http:\/\/cpcc.ca\/francais\/pdf\/decisions%20judiciaires\/Societe-canadienne-de-perception-de-la-copie-privee-c-Fuzion%20Technology-Corp-2006-CF-1284.pdf\" target=\"_blank\">Soci\u00e9t\u00e9 canadienne de perception de la copie priv\u00e9e c. Fuzion Technology Corp.<\/a>\u00a02006 CF 1284<\/p>\n<p>31 mai 2006 &#8211; <a href=\"http:\/\/www.cpcc.ca\/en\/wp-content\/uploads\/2011\/03\/CPCC-v-Enviro-Data-Products-Inc-May-31-2006.pdf\">CPCC v Enviro Data Products Inc<\/a> 2006 FC T-528-04 (Anglais seulment)<\/p>\n<p>3 mars 2006 &#8211;\u00a0<a href=\"http:\/\/cpcc.ca\/francais\/pdf\/decisions%20judiciaires\/Societe-canadienne-de-perception-de-la-copie-privee-c-9087-0718-Quebec-Inc-2006-CF-283.pdf\" target=\"_blank\">Soci\u00e9t\u00e9 canadienne de perception de la copie priv\u00e9e c. 9087-0718 Qu\u00e9bec Inc.<\/a>\u00a02006 CF 283<\/p>\n<p>13 janvier 2006 &#8211;\u00a0<a href=\"http:\/\/cpcc.ca\/francais\/pdf\/decisions%20judiciaires\/Societe-canadienne-de-perception-de-la-copie-privee-c-Cano-Tech-Inc-2006-CF-28.pdf\" target=\"_blank\">Soci\u00e9t\u00e9 canadienne de perception de la copie priv\u00e9e c. Cano Tech Inc.<\/a>\u00a02006 CF 28<\/p>\n<p>7 f\u00e9vrier 2005 &#8211;\u00a0<a href=\"http:\/\/cpcc.ca\/francais\/pdf\/decisions%20judiciaires\/Canadian-Private-Copying-Collective-v-First-Choice-Recording-Media-Inc-2005-FC-187-Anglais%20seulement.pdf\" target=\"_blank\">Canadian Private Copying Collective v. First Choice Recording Media Inc.<\/a>\u00a02005 FC 187 (Anglais seulement)<\/p>\n<p>31 mai 2005 &#8211;\u00a0<a href=\"http:\/\/cpcc.ca\/francais\/pdf\/decisions%20judiciaires\/Societe-canadienne-de-perception-de-la-copie-privee-c-Computer-Warehouse-Outlet-Inc-2005-CF-770.pdf\">Soci\u00e9t\u00e9 canadienne de perception de la copie priv\u00e9e c. Computer Warehouse Outlet Inc.<\/a>\u00a02005 CF 770<\/p>\n<p>26 mars 2004 &#8211;\u00a0<a href=\"http:\/\/cpcc.ca\/francais\/pdf\/decisions%20judiciaires\/Societe-canadienne-de-perception-de-la-copie-privee-c-Amico-Imaging-Services-Inc-2004-CF-469.pdf\" target=\"_blank\">Soci\u00e9t\u00e9 canadienne de perception de la copie priv\u00e9e c. Amico Imaging Services Inc.<\/a>\u00a02004 CF 469<\/p>\n<p><strong>Cour d\u2019appel f\u00e9d\u00e9rale<\/strong><\/p>\n<p>19 janvier 2009 &#8211;\u00a0<a href=\"http:\/\/decisions.fca-caf.gc.ca\/en\/2009\/2009fca11\/2009fca11.html\" target=\"_blank\">Plus Media (Canada) Inc. and Calvin Xu (A.K.A. Qi Xu) (appellants) v. CPCC<\/a>\u00a02009 FCA 11 (Anglais seulement)<\/p>\n<p>25 octobre 2007 &#8211;\u00a0<a href=\"http:\/\/decisions.fca-caf.gc.ca\/en\/2007\/2007fca335\/2007fca335.html\" target=\"_blank\">1565385 Ontario Inc. and Mickey Yeung (appellants) and CPCC<\/a>\u00a02007 FCA335 (Anglais seulement)<\/p>\n<p>10 janvier 2007- <a href=\"http:\/\/decisions.fca-caf.gc.ca\/en\/2007\/2007fca14\/2007fca14.html\" target=\"_blank\">Cano Tech Inc. and Canadian Private Copying Collective<\/a> 2007 FCA 14 (Anglais seulment)<\/p>\n<p>2 d\u00e9cembre 2004 &#8211;\u00a0<a href=\"http:\/\/cpcc.ca\/francais\/pdf\/decisions%20judiciaires\/Amico-Imaging-Services-Inc-c-Societe-canadienne-de-perception-de-la-copie-privee-2004-CAF-412.pdf\" target=\"_blank\">Amico Imaging Services Inc. c. Soci\u00e9t\u00e9 canadienne de perception de la copie priv\u00e9e<\/a>\u00a02004 CAF 412<\/p>\n<p><strong>Cour Sup\u00e9rieure d&#8217;Ontario <\/strong><\/p>\n<p>24 mars 2014 &#8211; <strong><\/strong><a href=\"http:\/\/www.cpcc.ca\/fr\/wp-content\/uploads\/2014\/07\/DOCSTOR-2973061-v1-Judgment_of_Justice_Perell_-_Mar_24-14.pdf\">Canadian Private Copying Collective v. Redpact Impex Inc., 2175574 Ontario Inc., 2138557 Ontario Inc., Jimmy Tseng Chen (aka Tseng Hsing Chen), Wie Chen (aka Wie Hsing Chen, aka William Chen), and Kuo Jung Chen (aka Chen Kat Yung) CV<\/a>-09-392702 (Anglais seulment)<\/p>\n<p><strong>Cour Sup\u00e9rieure du Qu\u00e9bec<\/strong><\/p>\n<p>25 juillet 2008 &#8211;\u00a0<a href=\"http:\/\/www.jugements.qc.ca\/php\/decision.php?liste=44291850&amp;doc=DC84C4991677C61A0E82AB2F58F8D022AECE1F61D7049DA863DDAF8584A782B0&amp;page=4\" target=\"_blank\">CPCC v. 9075-9077 Quebec Inc. et Latif Sarraf<\/a>\u00a02008 QCCS 3410<\/p>\n<p>En raison du grand nombre de d\u00e9cisions rendues par les Cours, il se peut que plusieurs mois s\u2019\u00e9coulent entre la date \u00e0 laquelle la d\u00e9cision est rendue et la mise en ligne d\u2019une traduction de celle-ci. Si la d\u00e9cision que vous d\u00e9sirez consulter n\u2019est pas publi\u00e9e dans les deux langues officielles, soyez assur\u00e9s que la SCPCP mettra en ligne sur ce site la traduction dans l\u2019autre langue officielle aussit\u00f4t qu\u2019elle aura \u00e9t\u00e9 publi\u00e9e par la Cour en question.<\/p>\n","protected":false},"excerpt":{"rendered":"<p>Les d\u00e9cisions judiciaires pr\u00e9sent\u00e9es sur ce site web ont \u00e9t\u00e9 r\u00e9dig\u00e9es et\/ou compil\u00e9es par la Cour f\u00e9d\u00e9rale du Canada ou par la Cour f\u00e9d\u00e9rale d\u2019appel du Canada. Veuillez noter que les d\u00e9cisions judiciaires accessibles \u00e0 partir de ce site web ne constituent pas les versions officielles des d\u00e9cisions, et ne sont pas pr\u00e9sent\u00e9es ici \u00e0 [&hellip;]<\/p>\n","protected":false},"author":5,"featured_media":0,"parent":0,"menu_order":0,"comment_status":"open","ping_status":"closed","template":"subnav-page.php","meta":{"footnotes":""},"class_list":["post-1066","page","type-page","status-publish","hentry"],"_links":{"self":[{"href":"https:\/\/www.cpcc.ca\/fr\/wp-json\/wp\/v2\/pages\/1066","targetHints":{"allow":["GET"]}}],"collection":[{"href":"https:\/\/www.cpcc.ca\/fr\/wp-json\/wp\/v2\/pages"}],"about":[{"href":"https:\/\/www.cpcc.ca\/fr\/wp-json\/wp\/v2\/types\/page"}],"author":[{"embeddable":true,"href":"https:\/\/www.cpcc.ca\/fr\/wp-json\/wp\/v2\/users\/5"}],"replies":[{"embeddable":true,"href":"https:\/\/www.cpcc.ca\/fr\/wp-json\/wp\/v2\/comments?post=1066"}],"version-history":[{"count":5,"href":"https:\/\/www.cpcc.ca\/fr\/wp-json\/wp\/v2\/pages\/1066\/revisions"}],"predecessor-version":[{"id":1393,"href":"https:\/\/www.cpcc.ca\/fr\/wp-json\/wp\/v2\/pages\/1066\/revisions\/1393"}],"wp:attachment":[{"href":"https:\/\/www.cpcc.ca\/fr\/wp-json\/wp\/v2\/media?parent=1066"}],"curies":[{"name":"wp","href":"https:\/\/api.w.org\/{rel}","templated":true}]}}