{"id":114,"date":"2011-06-13T16:36:41","date_gmt":"2011-06-13T16:36:41","guid":{"rendered":"http:\/\/www.cpcc.ca\/fr\/?page_id=114"},"modified":"2011-07-25T14:54:57","modified_gmt":"2011-07-25T14:54:57","slug":"foire-aux-questions-relative-au-rapport","status":"publish","type":"page","link":"https:\/\/www.cpcc.ca\/fr\/fabricants-importateurs\/foire-aux-questions-relative-au-rapport","title":{"rendered":"Foire aux questions relative au rapport"},"content":{"rendered":"<p><strong>Que se passe-t-il si quelqu\u2019un retourne des supports pour lesquels la redevance a \u00e9t\u00e9 per\u00e7ue?<\/strong><\/p>\n<p>Les entreprises qui ont d\u00e9clar\u00e9 des ventes de supports qui ont ensuite \u00e9t\u00e9 retourn\u00e9s par les clients devraient soumettre un rapport r\u00e9vis\u00e9 pour la p\u00e9riode au cours de laquelle la vente originale du support retourn\u00e9 a \u00e9t\u00e9 rapport\u00e9e \u00e0 la SCPCP. Ce rapport devrait comporter uniquement la somme \u00e0 rembourser (indiqu\u00e9e par un nombre n\u00e9gatif d\u2019unit\u00e9s). L\u2019entreprise d\u00e9clarante recevra un cr\u00e9dit pour les redevances pay\u00e9es sur les supports qui ont \u00e9t\u00e9 retourn\u00e9s.<\/p>\n<p><strong>Que se produit-il lorsque les rapports sont en retard?<\/strong><\/p>\n<p>La SCPCP consid\u00e8re que les rapports et les paiements sont en retard si elle re\u00e7oit ceux-ci apr\u00e8s la date limite de remise du rapport. Les rapports et les paiements re\u00e7us par service de messagerie ou livr\u00e9s en mains propres apr\u00e8s la date limite de remise du rapport sont consid\u00e9r\u00e9s comme \u00e9tant en retard. Toutefois, si le rapport a \u00e9t\u00e9 mis \u00e0 la poste trois jours ou plus avant la fin du mois (selon la date du cachet de la poste), il n\u2019est pas consid\u00e9r\u00e9 comme \u00e9tant en retard. Les entreprises d\u00e9clarantes qui soumettent leur paiement apr\u00e8s la date limite de remise du rapport recevront une facture indiquant les frais d\u2019int\u00e9r\u00eat qu\u2019elles doivent acquitter.<\/p>\n<p><strong>De quelle fa\u00e7on calcule-t-on les int\u00e9r\u00eats des paiements en retard?<\/strong><\/p>\n<p>Conform\u00e9ment au tarif de la copie priv\u00e9e, les int\u00e9r\u00eats sont calcul\u00e9s de fa\u00e7on quotidienne \u00e0 un taux exc\u00e9dant de 1 % le taux officiel en vigueur au cours de la derni\u00e8re journ\u00e9e du mois pr\u00e9c\u00e9dent (tel que publi\u00e9 par la Banque du Canada). Les factures pour les int\u00e9r\u00eats r\u00e9clam\u00e9s sont envoy\u00e9es \u00e0 la fin du mois et doivent \u00eatre acquitt\u00e9es dans les 15 jours qui suivent la r\u00e9ception de la lettre. Si les int\u00e9r\u00eats encourus sont inf\u00e9rieurs \u00e0 10 $, il est possible que la SCPCP y renonce.<\/p>\n","protected":false},"excerpt":{"rendered":"<p>Que se passe-t-il si quelqu\u2019un retourne des supports pour lesquels la redevance a \u00e9t\u00e9 per\u00e7ue? Les entreprises qui ont d\u00e9clar\u00e9 des ventes de supports qui ont ensuite \u00e9t\u00e9 retourn\u00e9s par les clients devraient soumettre un rapport r\u00e9vis\u00e9 pour la p\u00e9riode au cours de laquelle la vente originale du support retourn\u00e9 a \u00e9t\u00e9 rapport\u00e9e \u00e0 la [&hellip;]<\/p>\n","protected":false},"author":5,"featured_media":0,"parent":6,"menu_order":0,"comment_status":"open","ping_status":"closed","template":"topic-page.php","meta":{"footnotes":""},"class_list":["post-114","page","type-page","status-publish","hentry"],"_links":{"self":[{"href":"https:\/\/www.cpcc.ca\/fr\/wp-json\/wp\/v2\/pages\/114","targetHints":{"allow":["GET"]}}],"collection":[{"href":"https:\/\/www.cpcc.ca\/fr\/wp-json\/wp\/v2\/pages"}],"about":[{"href":"https:\/\/www.cpcc.ca\/fr\/wp-json\/wp\/v2\/types\/page"}],"author":[{"embeddable":true,"href":"https:\/\/www.cpcc.ca\/fr\/wp-json\/wp\/v2\/users\/5"}],"replies":[{"embeddable":true,"href":"https:\/\/www.cpcc.ca\/fr\/wp-json\/wp\/v2\/comments?post=114"}],"version-history":[{"count":5,"href":"https:\/\/www.cpcc.ca\/fr\/wp-json\/wp\/v2\/pages\/114\/revisions"}],"predecessor-version":[{"id":117,"href":"https:\/\/www.cpcc.ca\/fr\/wp-json\/wp\/v2\/pages\/114\/revisions\/117"}],"up":[{"embeddable":true,"href":"https:\/\/www.cpcc.ca\/fr\/wp-json\/wp\/v2\/pages\/6"}],"wp:attachment":[{"href":"https:\/\/www.cpcc.ca\/fr\/wp-json\/wp\/v2\/media?parent=114"}],"curies":[{"name":"wp","href":"https:\/\/api.w.org\/{rel}","templated":true}]}}