{"id":123,"date":"2011-06-13T16:59:19","date_gmt":"2011-06-13T16:59:19","guid":{"rendered":"http:\/\/www.cpcc.ca\/fr\/?page_id=123"},"modified":"2021-10-12T22:04:36","modified_gmt":"2021-10-13T02:04:36","slug":"entreprises-declarantes","status":"publish","type":"page","link":"https:\/\/www.cpcc.ca\/fr\/fabricants-importateurs\/entreprises-declarantes","title":{"rendered":"Entreprises d\u00e9clarantes"},"content":{"rendered":"<p>La SCPCP publie une liste des fabricants et des importateurs qui versent des redevances sur les supports vierges et les marques qu\u2019ils d\u00e9clarent. Toute marque qui ne figure pas parmi la liste n\u2019a pas \u00e0 \u00eatre d\u00e9clar\u00e9e \u00e0 la SCPCP. L\u2019inclusion d\u2019un nom de marque particulier au sein de la liste ne signifie pas que les redevances ont \u00e9t\u00e9 vers\u00e9es pour tous les supports vendus portant le nom de cette marque.<\/p>\n<p>\u2022\u00a0\u00a0\u00a0 Les renseignements contenus dans la liste qui suit s\u2019appuient sur les rapports remis \u00e0 la SCPCP par des fabricants et des importateurs, conform\u00e9ment au tarif pour la copie priv\u00e9e.<br \/>\n\u2022\u00a0\u00a0\u00a0 Veuillez prendre en note la date d\u2019\u00e9mission de la liste. La liste a \u00e9t\u00e9 produite \u00e0 partir des dossiers de la SCPCP et refl\u00e8te les renseignements les plus r\u00e9cents fournis \u00e0 l\u2019organisme \u00e0 cette date.<br \/>\n\u2022\u00a0\u00a0\u00a0 La SCPCP n\u2019accepte aucune responsabilit\u00e9 pour les erreurs et les omissions des fabricants et des importateurs.<\/p>\n<p><a href=\"http:\/\/www.cpcc.ca\/fr\/wp-content\/uploads\/2021\/10\/Reporting-Companies-FR-October-2021.pdf\">Liste des entreprises d\u00e9clarantes &#8211; octobre 2021<\/a><\/p>\n","protected":false},"excerpt":{"rendered":"<p>La SCPCP publie une liste des fabricants et des importateurs qui versent des redevances sur les supports vierges et les marques qu\u2019ils d\u00e9clarent. Toute marque qui ne figure pas parmi la liste n\u2019a pas \u00e0 \u00eatre d\u00e9clar\u00e9e \u00e0 la SCPCP. L\u2019inclusion d\u2019un nom de marque particulier au sein de la liste ne signifie pas que [&hellip;]<\/p>\n","protected":false},"author":5,"featured_media":0,"parent":6,"menu_order":0,"comment_status":"open","ping_status":"closed","template":"topic-page.php","meta":{"footnotes":""},"class_list":["post-123","page","type-page","status-publish","hentry"],"_links":{"self":[{"href":"https:\/\/www.cpcc.ca\/fr\/wp-json\/wp\/v2\/pages\/123","targetHints":{"allow":["GET"]}}],"collection":[{"href":"https:\/\/www.cpcc.ca\/fr\/wp-json\/wp\/v2\/pages"}],"about":[{"href":"https:\/\/www.cpcc.ca\/fr\/wp-json\/wp\/v2\/types\/page"}],"author":[{"embeddable":true,"href":"https:\/\/www.cpcc.ca\/fr\/wp-json\/wp\/v2\/users\/5"}],"replies":[{"embeddable":true,"href":"https:\/\/www.cpcc.ca\/fr\/wp-json\/wp\/v2\/comments?post=123"}],"version-history":[{"count":5,"href":"https:\/\/www.cpcc.ca\/fr\/wp-json\/wp\/v2\/pages\/123\/revisions"}],"predecessor-version":[{"id":1811,"href":"https:\/\/www.cpcc.ca\/fr\/wp-json\/wp\/v2\/pages\/123\/revisions\/1811"}],"up":[{"embeddable":true,"href":"https:\/\/www.cpcc.ca\/fr\/wp-json\/wp\/v2\/pages\/6"}],"wp:attachment":[{"href":"https:\/\/www.cpcc.ca\/fr\/wp-json\/wp\/v2\/media?parent=123"}],"curies":[{"name":"wp","href":"https:\/\/api.w.org\/{rel}","templated":true}]}}