{"id":133,"date":"2011-06-13T18:27:15","date_gmt":"2011-06-13T18:27:15","guid":{"rendered":"http:\/\/www.cpcc.ca\/fr\/?page_id=133"},"modified":"2011-07-24T02:24:20","modified_gmt":"2011-07-24T02:24:20","slug":"programme-du-taux-zero-pour-les-acheteurs-exemptes","status":"publish","type":"page","link":"https:\/\/www.cpcc.ca\/fr\/programme-du-taux-zero\/programme-du-taux-zero-pour-les-acheteurs-exemptes","title":{"rendered":"Programme du taux z\u00e9ro pour les acheteurs exempt\u00e9s"},"content":{"rendered":"<p>Les soci\u00e9t\u00e9s, les associations ou les personnes morales repr\u00e9sentant  les personnes ayant une d\u00e9ficience perceptuelle sont exempt\u00e9es par la  loi du versement de la redevance sur tout support audio vierge. Afin de  faciliter l\u2019acc\u00e8s \u00e0 cette exemption, les acheteurs exempt\u00e9s peuvent  s\u2019inscrire au Programme du taux z\u00e9ro de la SCPCP avant d\u2019acheter des  supports hors redevance. Les acheteurs exempt\u00e9s n\u2019ont pas \u00e0 acquitter de  frais de gestion.<\/p>\n<p>Nous encourageons les organismes exempt\u00e9s \u00e0 communiquer avec la SCPCP par courriel (<a href=\"mailto:acheteurs@scpcp.ca\">acheteurs@scpcp.ca<\/a>) ou par t\u00e9l\u00e9phone (1 866 886-0232).<\/p>\n","protected":false},"excerpt":{"rendered":"<p>Les soci\u00e9t\u00e9s, les associations ou les personnes morales repr\u00e9sentant les personnes ayant une d\u00e9ficience perceptuelle sont exempt\u00e9es par la loi du versement de la redevance sur tout support audio vierge. Afin de faciliter l\u2019acc\u00e8s \u00e0 cette exemption, les acheteurs exempt\u00e9s peuvent s\u2019inscrire au Programme du taux z\u00e9ro de la SCPCP avant d\u2019acheter des supports hors [&hellip;]<\/p>\n","protected":false},"author":5,"featured_media":0,"parent":9,"menu_order":0,"comment_status":"open","ping_status":"closed","template":"topic-page.php","meta":{"footnotes":""},"class_list":["post-133","page","type-page","status-publish","hentry"],"_links":{"self":[{"href":"https:\/\/www.cpcc.ca\/fr\/wp-json\/wp\/v2\/pages\/133","targetHints":{"allow":["GET"]}}],"collection":[{"href":"https:\/\/www.cpcc.ca\/fr\/wp-json\/wp\/v2\/pages"}],"about":[{"href":"https:\/\/www.cpcc.ca\/fr\/wp-json\/wp\/v2\/types\/page"}],"author":[{"embeddable":true,"href":"https:\/\/www.cpcc.ca\/fr\/wp-json\/wp\/v2\/users\/5"}],"replies":[{"embeddable":true,"href":"https:\/\/www.cpcc.ca\/fr\/wp-json\/wp\/v2\/comments?post=133"}],"version-history":[{"count":5,"href":"https:\/\/www.cpcc.ca\/fr\/wp-json\/wp\/v2\/pages\/133\/revisions"}],"predecessor-version":[{"id":238,"href":"https:\/\/www.cpcc.ca\/fr\/wp-json\/wp\/v2\/pages\/133\/revisions\/238"}],"up":[{"embeddable":true,"href":"https:\/\/www.cpcc.ca\/fr\/wp-json\/wp\/v2\/pages\/9"}],"wp:attachment":[{"href":"https:\/\/www.cpcc.ca\/fr\/wp-json\/wp\/v2\/media?parent=133"}],"curies":[{"name":"wp","href":"https:\/\/api.w.org\/{rel}","templated":true}]}}