{"id":60,"date":"2011-06-10T16:06:23","date_gmt":"2011-06-10T16:06:23","guid":{"rendered":"http:\/\/www.cpcc.ca\/fr\/?page_id=60"},"modified":"2025-11-19T10:29:34","modified_gmt":"2025-11-19T15:29:34","slug":"tarif-pour-la-copie-privee","status":"publish","type":"page","link":"https:\/\/www.cpcc.ca\/fr\/la-scpcp\/tarif-pour-la-copie-privee","title":{"rendered":"Tarif pour la copie priv\u00e9e"},"content":{"rendered":"<p style=\"text-align: left;\">Puisque les technologies \u00e9voluent et changent et que la valeur de la copie priv\u00e9e peut fluctuer au fil du temps, la <em>Loi sur le droit d\u2019auteur<\/em> ne pr\u00e9cise pas les types de supports auxquels la redevance pour la copie priv\u00e9e s\u2019applique ou le taux applicable \u00e0 chaque type de support. La <a href=\"http:\/\/www.cb-cda.gc.ca\/home-accueil-f.html\">Commission du droit d\u2019auteur du Canada<\/a> est responsable de statuer sur le tarif pour la copie priv\u00e9e, lequel \u00e9tablit, pour une p\u00e9riode donn\u00e9e, les types de supports auxquels s\u2019applique la redevance pour la copie priv\u00e9e, le taux pour chaque type de support et les d\u00e9tails administratifs qui y sont rattach\u00e9s.<\/p>\n<h2>Commission du droit d\u2019auteur Canada<\/h2>\n<p>La Commission du droit d\u2019auteur Canada est un organisme de r\u00e9glementation \u00e9conomique sp\u00e9cialis\u00e9 dans les questions li\u00e9es au droit d\u2019auteur. <a href=\"http:\/\/www.cpcc.ca\/en\/wp-content\/uploads\/2019\/05\/Part-VII-of-the-Copyright-Act.pdf\">La <em>Partie VII de la Loi sur le droit d\u2019auteur <\/em><\/a>pr\u00e9cise les obligations et les proc\u00e9dures de la Commission.<\/p>\n<h2>Comment le tarif pour la copie priv\u00e9e est fix\u00e9:<\/h2>\n<p><a href=\"http:\/\/www.cpcc.ca\/en\/wp-content\/uploads\/2019\/05\/Part-VIII-Section-83-of-the-Copyright-Act.pdf\">La Partie VIII, article 83 de la <em>Loi sur le droit d\u2019auteur<\/em><\/a> d\u00e9crit le processus d\u2019\u00e9tablissement du tarif pour la copie priv\u00e9e.<\/p>\n<p>En r\u00e8gle g\u00e9n\u00e9rale:<\/p>\n<ol>\n<li>la SCPCP enclenche le processus au nom des titulaires de droits en d\u00e9posant le tarif propos\u00e9 aupr\u00e8s de la Commission du droit d\u2019auteur Canada;<\/li>\n<li>la commission publie le tarif propos\u00e9 dans la Gazette du Canada;<\/li>\n<li>les parties qui s\u2019opposent au tarif propos\u00e9 doivent d\u00e9poser leurs objections dans les 60 jours suivant la publication du tarif;<\/li>\n<li>la Commission fixe la date d\u2019une audience publique formelle;<\/li>\n<li>les parties qui s\u2019opposent au tarif propos\u00e9 et la SCPCP pr\u00e9sentent leurs preuves et leurs arguments devant la Commission;<\/li>\n<li>la Commission publie le tarif pour la copie priv\u00e9e accompagn\u00e9 d\u2019une justification de sa d\u00e9cision.<\/li>\n<\/ol>\n<p>Les tarifs de copie priv\u00e9e pour 2020 et 2021 ont \u00e9t\u00e9 publi\u00e9s dans la Gazette du Canada le 18 d\u00e9cembre 2021.\u00a0\u00a0Les tarifs maintiennent la redevance sur les CD-R au taux actuel de 0.29$.\u00a0 Cliquez pour voir les tarifs de copie priv\u00e9e pour <a href=\"https:\/\/decisions.cb-cda.gc.ca\/cb-cda\/certified-homologues\/en\/item\/517981\/index.do\">2022 to 2024<\/a>\u00a0<a href=\"https:\/\/decisions.cb-cda.gc.ca\/cb-cda\/certified-homologues\/en\/item\/454550\/index.do?q=cpcc\">.<\/a><\/p>\n<h2>Tarifs pour la copie priv\u00e9e<\/h2>\n<table border=\"1\" cellspacing=\"0\" cellpadding=\"0\">\n<tbody>\n<tr>\n<td width=\"89\">\n<p align=\"center\"><strong>Tarif<\/strong><\/p>\n<\/td>\n<td width=\"90\">\n<p align=\"center\"><strong>Cassettes audio de 40 mn ou plus<\/strong><\/p>\n<\/td>\n<td width=\"89\">\n<p align=\"center\"><strong>CD-R et<\/strong><\/p>\n<p align=\"center\"><strong>CD-RW<\/strong><\/p>\n<\/td>\n<td width=\"89\">\n<p align=\"center\"><strong>CD-R audio, CD-RW audio<\/strong><\/p>\n<\/td>\n<td width=\"90\">\n<p align=\"center\"><strong>MiniDiscs<\/strong><\/p>\n<\/td>\n<td width=\"89\">\n<p align=\"center\"><strong>Date de d\u00e9but<\/strong><\/p>\n<\/td>\n<td width=\"89\">\n<p align=\"center\"><strong>Date de fin<\/strong><\/p>\n<\/td>\n<\/tr>\n<tr>\n<td valign=\"top\" width=\"89\"><a href=\"http:\/\/www.cpcc.ca\/en\/wp-content\/uploads\/2011\/02\/Tariff-1999-2000.pdf\" target=\"_blank\" rel=\"noopener noreferrer\">\u00a01999-2000<\/a><\/td>\n<td valign=\"top\" width=\"90\">\n<p align=\"center\">0,233\u00a0$<\/p>\n<\/td>\n<td valign=\"top\" width=\"89\">\n<p align=\"center\">0,052\u00a0$<\/p>\n<\/td>\n<td valign=\"top\" width=\"89\">\n<p align=\"center\">0,608\u00a0$<\/p>\n<\/td>\n<td valign=\"top\" width=\"90\">\n<p align=\"center\">0,608\u00a0$<\/p>\n<\/td>\n<td valign=\"top\" width=\"89\">\n<p align=\"center\">18-12-1999<\/p>\n<\/td>\n<td valign=\"top\" width=\"89\">\n<p align=\"center\">31-12-2000<\/p>\n<\/td>\n<\/tr>\n<tr>\n<td valign=\"top\" width=\"89\"><a href=\"http:\/\/www.cpcc.ca\/en\/wp-content\/uploads\/2011\/02\/Tariff-2001-2002.pdf\" target=\"_blank\" rel=\"noopener noreferrer\">\u00a02001-2002<\/a><\/td>\n<td valign=\"top\" width=\"90\">\n<p align=\"center\">0,29\u00a0$<\/p>\n<\/td>\n<td valign=\"top\" width=\"89\">\n<p align=\"center\">0,21\u00a0$<\/p>\n<\/td>\n<td valign=\"top\" width=\"89\">\n<p align=\"center\">0,77\u00a0$<\/p>\n<\/td>\n<td valign=\"top\" width=\"90\">\n<p align=\"center\">0,77\u00a0$<\/p>\n<\/td>\n<td valign=\"top\" width=\"89\">\n<p align=\"center\">01-01-2001<\/p>\n<\/td>\n<td valign=\"top\" width=\"89\">\n<p align=\"center\">31-12-2002<\/p>\n<\/td>\n<\/tr>\n<tr>\n<td valign=\"top\" width=\"89\"><a href=\"http:\/\/www.cpcc.ca\/en\/wp-content\/uploads\/2011\/02\/Tariff-2003-2004.pdf\" target=\"_blank\" rel=\"noopener noreferrer\">\u00a02003-2004<\/a><\/td>\n<td valign=\"top\" width=\"90\">\n<p align=\"center\">0,29\u00a0$<\/p>\n<\/td>\n<td valign=\"top\" width=\"89\">\n<p align=\"center\">0,21\u00a0$<\/p>\n<\/td>\n<td valign=\"top\" width=\"89\">\n<p align=\"center\">0,77\u00a0$<\/p>\n<\/td>\n<td valign=\"top\" width=\"90\">\n<p align=\"center\">0,77\u00a0$<\/p>\n<\/td>\n<td valign=\"top\" width=\"89\">\n<p align=\"center\">01-01-2003<\/p>\n<\/td>\n<td valign=\"top\" width=\"89\">\n<p align=\"center\">31-12-2004<\/p>\n<\/td>\n<\/tr>\n<tr>\n<td valign=\"top\" width=\"89\"><a href=\"http:\/\/www.cpcc.ca\/en\/wp-content\/uploads\/2011\/02\/Tariff-2005-2007.pdf\" target=\"_blank\" rel=\"noopener noreferrer\">\u00a02005-2007<\/a><\/td>\n<td valign=\"top\" width=\"90\">\n<p align=\"center\">0,24\u00a0$<\/p>\n<\/td>\n<td valign=\"top\" width=\"89\">\n<p align=\"center\">0,21\u00a0$<\/p>\n<\/td>\n<td valign=\"top\" width=\"89\">\n<p align=\"center\">0,21\u00a0$<\/p>\n<\/td>\n<td valign=\"top\" width=\"90\">\n<p align=\"center\">0,21\u00a0$<\/p>\n<\/td>\n<td valign=\"top\" width=\"89\">\n<p align=\"center\">01-01-2005<\/p>\n<\/td>\n<td valign=\"top\" width=\"89\">\n<p align=\"center\">31-12-2007<\/p>\n<\/td>\n<\/tr>\n<tr>\n<td valign=\"top\" width=\"89\"><a href=\"http:\/\/www.cpcc.ca\/en\/wp-content\/uploads\/2011\/02\/Tariff-2008-2009.pdf\" target=\"_blank\" rel=\"noopener noreferrer\">2008 -2009*<\/a><\/td>\n<td valign=\"top\" width=\"90\">\n<p align=\"center\">0,24\u00a0$<\/p>\n<\/td>\n<td valign=\"top\" width=\"89\">\n<p align=\"center\">0,21\u00a0$<\/p>\n<\/td>\n<td valign=\"top\" width=\"89\">\n<p align=\"center\">0,21\u00a0$<\/p>\n<\/td>\n<td valign=\"top\" width=\"90\">\n<p align=\"center\">0,21\u00a0$<\/p>\n<\/td>\n<td valign=\"top\" width=\"89\">\n<p align=\"center\">01-01-2008<\/p>\n<\/td>\n<td valign=\"top\" width=\"89\">\n<p align=\"center\">05-12-2008<\/p>\n<\/td>\n<\/tr>\n<tr>\n<td valign=\"top\" width=\"89\"><a href=\"http:\/\/www.cpcc.ca\/en\/wp-content\/uploads\/2011\/02\/Tariff-2008-2009.pdf\" target=\"_blank\" rel=\"noopener noreferrer\">\u00a02008-2009*<\/a><\/td>\n<td valign=\"top\" width=\"90\">\n<p align=\"center\">0,24\u00a0$<\/p>\n<\/td>\n<td valign=\"top\" width=\"89\">\n<p align=\"center\">0,29\u00a0$<\/p>\n<\/td>\n<td valign=\"top\" width=\"89\">\n<p align=\"center\">0,29\u00a0$<\/p>\n<\/td>\n<td valign=\"top\" width=\"90\">\n<p align=\"center\">0,29\u00a0$<\/p>\n<\/td>\n<td valign=\"top\" width=\"89\">\n<p align=\"center\">06-12-2008<\/p>\n<\/td>\n<td valign=\"top\" width=\"89\">\n<p align=\"center\">31-12-2009<\/p>\n<\/td>\n<\/tr>\n<tr>\n<td valign=\"top\" width=\"89\"><a href=\"http:\/\/www.cpcc.ca\/en\/wp-content\/uploads\/2011\/02\/Tariff-2010.pdf\" target=\"_blank\" rel=\"noopener noreferrer\">\u00a02010<\/a><\/td>\n<td valign=\"top\" width=\"90\">\n<p align=\"center\">S.O.<\/p>\n<\/td>\n<td valign=\"top\" width=\"89\">\n<p align=\"center\">0,29\u00a0$<\/p>\n<\/td>\n<td valign=\"top\" width=\"89\">\n<p align=\"center\">0,29\u00a0$<\/p>\n<\/td>\n<td valign=\"top\" width=\"90\">\n<p align=\"center\">0,29\u00a0$<\/p>\n<\/td>\n<td valign=\"top\" width=\"89\">\n<p align=\"center\">01-01-2010<\/p>\n<\/td>\n<td valign=\"top\" width=\"89\">\n<p align=\"center\">31-12-2010<\/p>\n<\/td>\n<\/tr>\n<tr>\n<td valign=\"top\" width=\"89\"><a href=\"http:\/\/www.cpcc.ca\/en\/wp-content\/uploads\/2011\/02\/Tariff-2011.pdf\" target=\"_blank\" rel=\"noopener noreferrer\">\u00a02011<\/a><\/td>\n<td valign=\"top\" width=\"90\">\n<p align=\"center\">S.O.<\/p>\n<\/td>\n<td valign=\"top\" width=\"89\">\n<p align=\"center\">0,29\u00a0$<\/p>\n<\/td>\n<td valign=\"top\" width=\"89\">\n<p align=\"center\">0,29\u00a0$<\/p>\n<\/td>\n<td valign=\"top\" width=\"90\">\n<p align=\"center\">S.O.<\/p>\n<\/td>\n<td valign=\"top\" width=\"89\">\n<p align=\"center\">01-01-2011<\/p>\n<\/td>\n<td valign=\"top\" width=\"89\">\n<p align=\"center\">31-12-2011<\/p>\n<\/td>\n<\/tr>\n<tr>\n<td valign=\"top\" width=\"89\">\u00a0<a href=\"http:\/\/www.cpcc.ca\/en\/wp-content\/uploads\/2013\/09\/Tariff-2012.pdf\">2012<\/a><\/td>\n<td valign=\"top\" width=\"90\">\n<p align=\"center\">S.O.<\/p>\n<\/td>\n<td valign=\"top\" width=\"89\">\n<p align=\"center\">0,29\u00a0$<\/p>\n<\/td>\n<td valign=\"top\" width=\"89\">\n<p align=\"center\">0,29\u00a0$<\/p>\n<\/td>\n<td valign=\"top\" width=\"90\">\n<p align=\"center\">S.O.<\/p>\n<\/td>\n<td valign=\"top\" width=\"89\">\n<p align=\"center\">01-01-2012<\/p>\n<\/td>\n<td valign=\"top\" width=\"89\">\n<p align=\"center\">31-12-2012<\/p>\n<\/td>\n<\/tr>\n<tr>\n<td valign=\"top\" width=\"89\">\u00a0<a href=\"http:\/\/www.cpcc.ca\/en\/wp-content\/uploads\/2013\/09\/Tariff-2013.pdf\">2013<\/a><\/td>\n<td valign=\"top\" width=\"90\">\n<p align=\"center\">S.O.<\/p>\n<\/td>\n<td valign=\"top\" width=\"89\">\n<p align=\"center\">0,29\u00a0$<\/p>\n<\/td>\n<td valign=\"top\" width=\"89\">\n<p align=\"center\">0,29\u00a0$<\/p>\n<\/td>\n<td valign=\"top\" width=\"90\">\n<p align=\"center\">S.O.<\/p>\n<\/td>\n<td valign=\"top\" width=\"89\">\n<p align=\"center\">01-01-2013<\/p>\n<\/td>\n<td valign=\"top\" width=\"89\">\n<p align=\"center\">31-12-2013<\/p>\n<\/td>\n<\/tr>\n<tr>\n<td valign=\"top\" width=\"89\">\u00a0<a href=\"http:\/\/www.cpcc.ca\/en\/wp-content\/uploads\/2013\/09\/Tariff-2014.pdf \">2014<\/a><\/td>\n<td valign=\"top\" width=\"90\">\n<p align=\"center\">S.O.<\/p>\n<\/td>\n<td valign=\"top\" width=\"89\">\n<p align=\"center\">0,29\u00a0$<\/p>\n<\/td>\n<td valign=\"top\" width=\"89\">\n<p align=\"center\">0,29\u00a0$<\/p>\n<\/td>\n<td valign=\"top\" width=\"90\">\n<p align=\"center\">S.O.<\/p>\n<\/td>\n<td valign=\"top\" width=\"89\">\n<p align=\"center\">01-01-2014<\/p>\n<\/td>\n<td valign=\"top\" width=\"89\">\n<p align=\"center\">31-12-2014<\/p>\n<\/td>\n<\/tr>\n<tr>\n<td valign=\"top\" width=\"89\">\u00a0<a href=\"http:\/\/www.cpcc.ca\/fr\/wp-content\/uploads\/2014\/12\/Tariff-2015.pdf%20\">2015<\/a><\/td>\n<td valign=\"top\" width=\"90\">\n<p align=\"center\">S.O.<\/p>\n<\/td>\n<td valign=\"top\" width=\"89\">\n<p align=\"center\">0,29\u00a0$<\/p>\n<\/td>\n<td valign=\"top\" width=\"89\">\n<p align=\"center\">0,29\u00a0$<\/p>\n<\/td>\n<td valign=\"top\" width=\"90\">\n<p align=\"center\">S.O.<\/p>\n<\/td>\n<td valign=\"top\" width=\"89\">\n<p align=\"center\">01-01-2015<\/p>\n<\/td>\n<td valign=\"top\" width=\"89\">\n<p align=\"center\">31-12-2015<\/p>\n<\/td>\n<\/tr>\n<tr>\n<td valign=\"top\" width=\"89\">\u00a0<a href=\"http:\/\/www.cpcc.ca\/fr\/wp-content\/uploads\/2014\/12\/Tariff-2016.pdf\">2016<\/a><\/td>\n<td valign=\"top\" width=\"90\">\n<p align=\"center\">S.O.<\/p>\n<\/td>\n<td valign=\"top\" width=\"89\">\n<p align=\"center\">0,29\u00a0$<\/p>\n<\/td>\n<td valign=\"top\" width=\"89\">\n<p align=\"center\">0,29\u00a0$<\/p>\n<\/td>\n<td valign=\"top\" width=\"90\">\n<p align=\"center\">S.O.<\/p>\n<\/td>\n<td valign=\"top\" width=\"89\">\n<p align=\"center\">01-01-2016<\/p>\n<\/td>\n<td valign=\"top\" width=\"89\">\n<p align=\"center\">31-12-2016<\/p>\n<\/td>\n<\/tr>\n<tr>\n<td valign=\"top\" width=\"89\"><a href=\"http:\/\/www.cpcc.ca\/en\/wp-content\/uploads\/2016\/12\/2017-Tariff-2.pdf%20\">\u00a02017<\/a><\/td>\n<td valign=\"top\" width=\"90\">\n<p align=\"center\">S.O.<\/p>\n<\/td>\n<td valign=\"top\" width=\"89\">\n<p align=\"center\">0,29 $<\/p>\n<\/td>\n<td valign=\"top\" width=\"89\">\n<p align=\"center\">0,29 $<\/p>\n<\/td>\n<td valign=\"top\" width=\"90\">\n<p align=\"center\">S.O.<\/p>\n<\/td>\n<td valign=\"top\" width=\"89\">\n<p align=\"center\">01-01-2017<\/p>\n<\/td>\n<td valign=\"top\" width=\"89\">\n<p align=\"center\">31-12-2017<\/p>\n<\/td>\n<\/tr>\n<tr>\n<td valign=\"top\" width=\"89\"><a href=\"https:\/\/decisions.cb-cda.gc.ca\/cb-cda\/certified-homologues\/en\/item\/366500\/index.do?q=cpcc\">\u00a02018<\/a><\/td>\n<td valign=\"top\" width=\"89\">\n<p align=\"center\">S.O.<\/p>\n<\/td>\n<td valign=\"top\" width=\"89\">\n<p align=\"center\">0,29 $<\/p>\n<\/td>\n<td valign=\"top\" width=\"89\">\n<p align=\"center\">0,29 $<\/p>\n<\/td>\n<td valign=\"top\" width=\"89\">\n<p align=\"center\">S.O.<\/p>\n<\/td>\n<td valign=\"top\" width=\"89\">\n<p align=\"center\">01-01-2018<\/p>\n<\/td>\n<td valign=\"top\" width=\"89\">\n<p align=\"center\">31-12-2018<\/p>\n<\/td>\n<\/tr>\n<tr>\n<td valign=\"top\" width=\"89\">\u00a0<a href=\"https:\/\/decisions.cb-cda.gc.ca\/cb-cda\/certified-homologues\/en\/item\/366465\/index.do?q=cpcc\">2019<\/a><\/td>\n<td valign=\"top\" width=\"89\">\n<p align=\"center\">S.O.<\/p>\n<\/td>\n<td valign=\"top\" width=\"89\">\n<p align=\"center\">0,29 $<\/p>\n<\/td>\n<td valign=\"top\" width=\"89\">\n<p align=\"center\">0,29 $<\/p>\n<\/td>\n<td valign=\"top\" width=\"89\">\n<p align=\"center\">S.O.<\/p>\n<\/td>\n<td valign=\"top\" width=\"89\">\n<p align=\"center\">01-01-2019<\/p>\n<\/td>\n<td valign=\"top\" width=\"89\">\n<p align=\"center\">31-12-2019<\/p>\n<\/td>\n<\/tr>\n<tr>\n<td valign=\"top\" width=\"89\">\u00a0<a href=\"https:\/\/decisions.cb-cda.gc.ca\/cb-cda\/certified-homologues\/en\/item\/454549\/index.do?q=cpcc\">2020<\/a><\/td>\n<td valign=\"top\" width=\"89\">\n<p align=\"center\">S.O.<\/p>\n<\/td>\n<td valign=\"top\" width=\"89\">\n<p align=\"center\">0,29 $<\/p>\n<\/td>\n<td valign=\"top\" width=\"89\">\n<p align=\"center\">0,29 $<\/p>\n<\/td>\n<td valign=\"top\" width=\"89\">\n<p align=\"center\">S.O.<\/p>\n<\/td>\n<td valign=\"top\" width=\"89\">\n<p align=\"center\">01-01-2020<\/p>\n<\/td>\n<td valign=\"top\" width=\"89\">\n<p align=\"center\">31-12-2020<\/p>\n<\/td>\n<\/tr>\n<tr>\n<td valign=\"top\" width=\"89\"><a href=\"https:\/\/decisions.cb-cda.gc.ca\/cb-cda\/certified-homologues\/en\/item\/454550\/index.do?q=cpcc\">\u00a02021<\/a><\/td>\n<td valign=\"top\" width=\"89\">\n<p align=\"center\">S.O.<\/p>\n<\/td>\n<td valign=\"top\" width=\"89\">\n<p align=\"center\">0,29 $<\/p>\n<\/td>\n<td valign=\"top\" width=\"89\">\n<p align=\"center\">0,29 $<\/p>\n<\/td>\n<td valign=\"top\" width=\"89\">\n<p align=\"center\">S.O.<\/p>\n<\/td>\n<td valign=\"top\" width=\"89\">\n<p align=\"center\">01-01-2021<\/p>\n<\/td>\n<td valign=\"top\" width=\"89\">\n<p align=\"center\">31-12-2021<\/p>\n<\/td>\n<\/tr>\n<\/tbody>\n<\/table>\n<table border=\"1\" cellspacing=\"0\" cellpadding=\"0\">\n<tbody>\n<tr>\n<td valign=\"top\" width=\"89\"><a href=\"https:\/\/decisions.cb-cda.gc.ca\/cb-cda\/certified-homologues\/fr\/item\/517981\/index.do\">2022 &#8211; 2024<\/a><\/td>\n<td valign=\"top\" width=\"89\">\n<p align=\"center\">S.O.<\/p>\n<\/td>\n<td valign=\"top\" width=\"89\">\n<p align=\"center\">0,29 $<\/p>\n<\/td>\n<td valign=\"top\" width=\"89\">\n<p align=\"center\">0,29 $<\/p>\n<\/td>\n<td valign=\"top\" width=\"89\">\n<p align=\"center\">S.O.<\/p>\n<\/td>\n<td valign=\"top\" width=\"89\">\n<p align=\"center\">01-01-2022<\/p>\n<\/td>\n<td valign=\"top\" width=\"89\">\n<p align=\"center\">31-12-2024<\/p>\n<\/td>\n<\/tr>\n<\/tbody>\n<\/table>\n<table border=\"1\" cellspacing=\"0\" cellpadding=\"0\">\n<tbody>\n<tr>\n<td valign=\"top\" width=\"89\"><a href=\"https:\/\/decisions.cb-cda.gc.ca\/cb-cda\/certified-homologues\/fr\/item\/522361\/index\">2025 &#8211; 2027<\/a><\/td>\n<td valign=\"top\" width=\"89\">\n<p align=\"center\">S.O.<\/p>\n<\/td>\n<td valign=\"top\" width=\"89\">\n<p align=\"center\">0,29 $<\/p>\n<\/td>\n<td valign=\"top\" width=\"89\">\n<p align=\"center\">0,29 $<\/p>\n<\/td>\n<td valign=\"top\" width=\"89\">\n<p align=\"center\">S.O.<\/p>\n<\/td>\n<td valign=\"top\" width=\"89\">\n<p align=\"center\">01-01-2025<\/p>\n<\/td>\n<td valign=\"top\" width=\"89\">\n<p align=\"center\">31-12-2027<\/p>\n<\/td>\n<\/tr>\n<\/tbody>\n<\/table>\n<p><em>Pour afficher les raisons, les fiches d\u2019information et les feuillets de documentation de la Commission du droit d\u2019auteur Canada, visitez son site Interne<\/em>t \u00e0 <a href=\"https:\/\/decisions.cb-cda.gc.ca\/cb-cda\/decisions\/fr\/item\/517980\/index.do\">https:\/\/decisions.cb-cda.gc.ca\/cb-cda\/certified-homologues\/fr\/item\/517981\/index.dowww.cb-cda.gc.ca\/decisions\/copying-copie-f.html.<\/a><\/p>\n<p>* Le tarif pour la copie priv\u00e9e 2008-2009 a \u00e9t\u00e9 publi\u00e9 le 5 d\u00e9cembre 2008. Bien que le tarif ait garanti que les nouvelles redevances entraient en vigueur le 1er janvier 2008, la SCPCP a renonc\u00e9 \u00e0 la perception r\u00e9troactive de la redevance.<\/p>\n","protected":false},"excerpt":{"rendered":"<p>Puisque les technologies \u00e9voluent et changent et que la valeur de la copie priv\u00e9e peut fluctuer au fil du temps, la Loi sur le droit d\u2019auteur ne pr\u00e9cise pas les types de supports auxquels la redevance pour la copie priv\u00e9e s\u2019applique ou le taux applicable \u00e0 chaque type de support. La Commission du droit d\u2019auteur [&hellip;]<\/p>\n","protected":false},"author":5,"featured_media":0,"parent":4,"menu_order":0,"comment_status":"open","ping_status":"closed","template":"topic-page.php","meta":{"footnotes":""},"class_list":["post-60","page","type-page","status-publish","hentry"],"_links":{"self":[{"href":"https:\/\/www.cpcc.ca\/fr\/wp-json\/wp\/v2\/pages\/60","targetHints":{"allow":["GET"]}}],"collection":[{"href":"https:\/\/www.cpcc.ca\/fr\/wp-json\/wp\/v2\/pages"}],"about":[{"href":"https:\/\/www.cpcc.ca\/fr\/wp-json\/wp\/v2\/types\/page"}],"author":[{"embeddable":true,"href":"https:\/\/www.cpcc.ca\/fr\/wp-json\/wp\/v2\/users\/5"}],"replies":[{"embeddable":true,"href":"https:\/\/www.cpcc.ca\/fr\/wp-json\/wp\/v2\/comments?post=60"}],"version-history":[{"count":7,"href":"https:\/\/www.cpcc.ca\/fr\/wp-json\/wp\/v2\/pages\/60\/revisions"}],"predecessor-version":[{"id":1939,"href":"https:\/\/www.cpcc.ca\/fr\/wp-json\/wp\/v2\/pages\/60\/revisions\/1939"}],"up":[{"embeddable":true,"href":"https:\/\/www.cpcc.ca\/fr\/wp-json\/wp\/v2\/pages\/4"}],"wp:attachment":[{"href":"https:\/\/www.cpcc.ca\/fr\/wp-json\/wp\/v2\/media?parent=60"}],"curies":[{"name":"wp","href":"https:\/\/api.w.org\/{rel}","templated":true}]}}