{"id":71,"date":"2011-06-10T16:35:18","date_gmt":"2011-06-10T16:35:18","guid":{"rendered":"http:\/\/www.cpcc.ca\/fr\/?page_id=71"},"modified":"2011-07-25T14:55:40","modified_gmt":"2011-07-25T14:55:40","slug":"perception","status":"publish","type":"page","link":"https:\/\/www.cpcc.ca\/fr\/la-scpcp\/perception","title":{"rendered":"Perception"},"content":{"rendered":"<p>Les fabricants et les importateurs de supports audio vierges doivent soumettre \u00e0 la SCPCP des rapports et des paiements relatifs aux supports vendus. La Commission du droit d\u2019auteur Canada d\u00e9finit la port\u00e9e et la nature de l\u2019information \u00e0 fournir, en plus d\u2019\u00e9tablir le calendrier des rapports.<br \/>\nLes p\u00e9riodes de d\u00e9claration sont bimestrielles et d\u00e9butent par les mois de janvier et f\u00e9vrier. Les fabricants et les importateurs doivent indiquer le type de support, les marques et les quantit\u00e9s vendues. Les rapports et les paiements doivent \u00eatre remis au plus tard le dernier jour du mois qui suit la p\u00e9riode de d\u00e9claration. \u00c0 titre d\u2019exemple, les rapports pour la p\u00e9riode de janvier-f\u00e9vrier doivent \u00eatre remis au plus tard le 31 mars.<\/p>\n<p><a href=\"http:\/\/www.cpcc.ca\/fr\/?page_id=109\">Vous trouverez plus d\u2019information sur la fa\u00e7on de produire un rapport dans la section <em>Fabricants et importateurs \u2014 Obligations de d\u00e9claration <\/em>de ce site Internet.<\/a><\/p>\n<table border=\"1\" cellspacing=\"0\" cellpadding=\"0\">\n<tbody>\n<tr>\n<td width=\"289\" valign=\"top\">P\u00e9riode<\/td>\n<td width=\"289\" valign=\"top\">Date limite de remise du rapport<\/td>\n<\/tr>\n<tr>\n<td width=\"289\" valign=\"top\">Janvier-f\u00e9vrier<\/td>\n<td width=\"289\" valign=\"top\">31 mars<\/td>\n<\/tr>\n<tr>\n<td width=\"289\" valign=\"top\">Mars-avril<\/td>\n<td width=\"289\" valign=\"top\">31 mai<\/td>\n<\/tr>\n<tr>\n<td width=\"289\" valign=\"top\">Mai-juin<\/td>\n<td width=\"289\" valign=\"top\">31 juillet<\/td>\n<\/tr>\n<tr>\n<td width=\"289\" valign=\"top\">Juillet-ao\u00fbt<\/td>\n<td width=\"289\" valign=\"top\">30 septembre<\/td>\n<\/tr>\n<tr>\n<td width=\"289\" valign=\"top\">Septembre-octobre<\/td>\n<td width=\"289\" valign=\"top\">30 novembre<\/td>\n<\/tr>\n<tr>\n<td width=\"289\" valign=\"top\">Novembre-d\u00e9cembre<\/td>\n<td width=\"289\" valign=\"top\">31 janvier<\/td>\n<\/tr>\n<\/tbody>\n<\/table>\n<div>\n<hr size=\"1\" \/>\n<\/div>\n","protected":false},"excerpt":{"rendered":"<p>Les fabricants et les importateurs de supports audio vierges doivent soumettre \u00e0 la SCPCP des rapports et des paiements relatifs aux supports vendus. La Commission du droit d\u2019auteur Canada d\u00e9finit la port\u00e9e et la nature de l\u2019information \u00e0 fournir, en plus d\u2019\u00e9tablir le calendrier des rapports. Les p\u00e9riodes de d\u00e9claration sont bimestrielles et d\u00e9butent par [&hellip;]<\/p>\n","protected":false},"author":5,"featured_media":0,"parent":4,"menu_order":0,"comment_status":"open","ping_status":"closed","template":"topic-page.php","meta":{"footnotes":""},"class_list":["post-71","page","type-page","status-publish","hentry"],"_links":{"self":[{"href":"https:\/\/www.cpcc.ca\/fr\/wp-json\/wp\/v2\/pages\/71","targetHints":{"allow":["GET"]}}],"collection":[{"href":"https:\/\/www.cpcc.ca\/fr\/wp-json\/wp\/v2\/pages"}],"about":[{"href":"https:\/\/www.cpcc.ca\/fr\/wp-json\/wp\/v2\/types\/page"}],"author":[{"embeddable":true,"href":"https:\/\/www.cpcc.ca\/fr\/wp-json\/wp\/v2\/users\/5"}],"replies":[{"embeddable":true,"href":"https:\/\/www.cpcc.ca\/fr\/wp-json\/wp\/v2\/comments?post=71"}],"version-history":[{"count":5,"href":"https:\/\/www.cpcc.ca\/fr\/wp-json\/wp\/v2\/pages\/71\/revisions"}],"predecessor-version":[{"id":198,"href":"https:\/\/www.cpcc.ca\/fr\/wp-json\/wp\/v2\/pages\/71\/revisions\/198"}],"up":[{"embeddable":true,"href":"https:\/\/www.cpcc.ca\/fr\/wp-json\/wp\/v2\/pages\/4"}],"wp:attachment":[{"href":"https:\/\/www.cpcc.ca\/fr\/wp-json\/wp\/v2\/media?parent=71"}],"curies":[{"name":"wp","href":"https:\/\/api.w.org\/{rel}","templated":true}]}}