{"id":80,"date":"2011-06-13T14:54:45","date_gmt":"2011-06-13T14:54:45","guid":{"rendered":"http:\/\/www.cpcc.ca\/fr\/?page_id=80"},"modified":"2018-11-26T20:41:27","modified_gmt":"2018-11-26T20:41:27","slug":"distribution","status":"publish","type":"page","link":"https:\/\/www.cpcc.ca\/fr\/la-scpcp\/distribution","title":{"rendered":"R\u00e9partition"},"content":{"rendered":"<p>Puisqu\u2019il n\u2019existe aucune fa\u00e7on de savoir pr\u00e9cis\u00e9ment quel est le contenu musical qui est copi\u00e9 dans les foyers canadiens, la distribution de la redevance pour la copie priv\u00e9e s\u2019appuie sur des \u00e9chantillons repr\u00e9sentatifs de la musique diffus\u00e9e sur les ondes des stations radiophoniques et des ventes d\u2019albums, deux \u00e9l\u00e9ments auxquels on accorde la m\u00eame importance dans la distribution. Ensemble, le temps de diffusion sur les ondes radiophoniques et les \u00e9chantillons d\u2019albums fournissent un indicateur qui permet d\u2019\u00e9tablir quelle est la musique que les Canadiens et les Canadiennes copient \u00e0 des fins priv\u00e9es.<br \/>\nBien que les auteurs-compositeurs et les \u00e9diteurs de musique soient admissibles \u00e0 recevoir des droits d\u2019auteur pour la copie priv\u00e9e quelle que soit leur nationalit\u00e9, seuls les artistes et les maisons de disques du Canada peuvent recevoir des paiements en vertu de la loi actuelle. Conform\u00e9ment aux d\u00e9cisions de la Commission du droit d\u2019auteur du Canada, les redevances per\u00e7ues ont \u00e9t\u00e9 distribu\u00e9es comme suit:<\/p>\n<p>&nbsp;<\/p>\n<table style=\"height: 198px;\" border=\"0\" width=\"599\" cellspacing=\"0\" cellpadding=\"0\">\n<tbody>\n<tr>\n<td valign=\"top\" width=\"141\"><\/td>\n<td valign=\"top\" width=\"51\"><strong><span style=\"text-decoration: underline;\">2000<\/span><\/strong><\/td>\n<td valign=\"top\" width=\"65\"><strong><span style=\"text-decoration: underline;\">2001-2007<\/span><\/strong><\/td>\n<td valign=\"top\" width=\"63\"><strong><span style=\"text-decoration: underline;\">2008-2009<\/span><\/strong><\/td>\n<td valign=\"top\" width=\"57\"><strong><span style=\"text-decoration: underline;\">2010-2017<\/span><\/strong><\/td>\n<td valign=\"top\" width=\"57\"><strong><span style=\"text-decoration: underline;\">2018-2019<\/span><\/strong><\/td>\n<\/tr>\n<tr>\n<td valign=\"top\" width=\"141\">Auteurs et \u00e9diteurs admissibles<\/td>\n<td style=\"text-align: center;\" valign=\"top\" width=\"51\">75,0\u00a0%<\/td>\n<td style=\"text-align: center;\" valign=\"top\" width=\"65\">66,0\u00a0%<\/td>\n<td style=\"text-align: center;\" valign=\"top\" width=\"63\">60,1\u00a0%<\/td>\n<td style=\"text-align: center;\" valign=\"top\" width=\"57\">58,2\u00a0%<\/td>\n<td style=\"text-align: center;\" valign=\"top\" width=\"57\">58,2 %<\/td>\n<\/tr>\n<tr>\n<td valign=\"top\" width=\"141\">Artistes-interpr\u00e8tes admissibles<\/td>\n<td style=\"text-align: center;\" valign=\"top\" width=\"51\">13,7\u00a0%<\/td>\n<td style=\"text-align: center;\" valign=\"top\" width=\"65\">18,9\u00a0%<\/td>\n<td style=\"text-align: center;\" valign=\"top\" width=\"63\">22,6\u00a0%<\/td>\n<td style=\"text-align: center;\" valign=\"top\" width=\"57\">23,8\u00a0%<\/td>\n<td style=\"text-align: center;\" valign=\"top\" width=\"57\">23,8 %<\/td>\n<\/tr>\n<tr>\n<td valign=\"top\" width=\"141\">Maisons de disques admissibles<\/td>\n<td style=\"text-align: center;\" valign=\"top\" width=\"51\">11,3\u00a0%<\/td>\n<td style=\"text-align: center;\" valign=\"top\" width=\"65\">15,1\u00a0%<\/td>\n<td style=\"text-align: center;\" valign=\"top\" width=\"63\">17,3\u00a0%<\/td>\n<td style=\"text-align: center;\" valign=\"top\" width=\"57\">18,0\u00a0%<\/td>\n<td style=\"text-align: center;\" valign=\"top\" width=\"57\">18,0 %<\/td>\n<\/tr>\n<\/tbody>\n<\/table>\n<p>Pour plus d\u2019information sur le processus de distribution, cliquez ici: <a href=\"http:\/\/www.cpcc.ca\/fr\/wp-content\/uploads\/2018\/11\/CPCC-Distribution-FAQ-\u2013-2018-\u2013-FR-new-address.pdf\">La r\u00e9partition FAQ<\/a><\/p>\n<p>Le\u00a017 juillet 2013, la Commission du droit d&#8217;auteur a publi\u00e9 \u00ab\u00a0<em>le R\u00e8glement fixant les p\u00e9riodes pendant lesquels les auteurs, artistes interpr\u00e8tes et producteurs admissibles non repr\u00e9sent\u00e9s par une soci\u00e9t\u00e9 de gestion peuvent r\u00e9clamer une r\u00e9mun\u00e9ration pour la copie a l\u2019usage priv\u00e9\u00a0\u00bb.<\/em> Pour plus d&#8217;informations cliquez <a href=\"http:\/\/www.cpcc.ca\/fr\/wp-content\/uploads\/2013\/07\/Regulations-Unrepresented-Rights-Holders-July-17-2013.pdf\">ici<\/a>.<\/p>\n<div>\n<hr size=\"1\" \/>\n<\/div>\n<p>&nbsp;<\/p>\n","protected":false},"excerpt":{"rendered":"<p>Puisqu\u2019il n\u2019existe aucune fa\u00e7on de savoir pr\u00e9cis\u00e9ment quel est le contenu musical qui est copi\u00e9 dans les foyers canadiens, la distribution de la redevance pour la copie priv\u00e9e s\u2019appuie sur des \u00e9chantillons repr\u00e9sentatifs de la musique diffus\u00e9e sur les ondes des stations radiophoniques et des ventes d\u2019albums, deux \u00e9l\u00e9ments auxquels on accorde la m\u00eame importance [&hellip;]<\/p>\n","protected":false},"author":5,"featured_media":0,"parent":4,"menu_order":0,"comment_status":"open","ping_status":"closed","template":"topic-page.php","meta":{"footnotes":""},"class_list":["post-80","page","type-page","status-publish","hentry"],"_links":{"self":[{"href":"https:\/\/www.cpcc.ca\/fr\/wp-json\/wp\/v2\/pages\/80","targetHints":{"allow":["GET"]}}],"collection":[{"href":"https:\/\/www.cpcc.ca\/fr\/wp-json\/wp\/v2\/pages"}],"about":[{"href":"https:\/\/www.cpcc.ca\/fr\/wp-json\/wp\/v2\/types\/page"}],"author":[{"embeddable":true,"href":"https:\/\/www.cpcc.ca\/fr\/wp-json\/wp\/v2\/users\/5"}],"replies":[{"embeddable":true,"href":"https:\/\/www.cpcc.ca\/fr\/wp-json\/wp\/v2\/comments?post=80"}],"version-history":[{"count":5,"href":"https:\/\/www.cpcc.ca\/fr\/wp-json\/wp\/v2\/pages\/80\/revisions"}],"predecessor-version":[{"id":1614,"href":"https:\/\/www.cpcc.ca\/fr\/wp-json\/wp\/v2\/pages\/80\/revisions\/1614"}],"up":[{"embeddable":true,"href":"https:\/\/www.cpcc.ca\/fr\/wp-json\/wp\/v2\/pages\/4"}],"wp:attachment":[{"href":"https:\/\/www.cpcc.ca\/fr\/wp-json\/wp\/v2\/media?parent=80"}],"curies":[{"name":"wp","href":"https:\/\/api.w.org\/{rel}","templated":true}]}}