{"id":84,"date":"2011-06-13T15:02:05","date_gmt":"2011-06-13T15:02:05","guid":{"rendered":"http:\/\/www.cpcc.ca\/fr\/?page_id=84"},"modified":"2026-04-10T16:28:02","modified_gmt":"2026-04-10T20:28:02","slug":"defense-des-interets","status":"publish","type":"page","link":"https:\/\/www.cpcc.ca\/fr\/la-scpcp\/defense-des-interets","title":{"rendered":"D\u00e9fense des int\u00e9r\u00eats"},"content":{"rendered":"<p>Le mandat de la SCPCP inclut la d\u00e9fense des droits des artistes-interpr\u00e8tes, des auteurs-compositeurs, des \u00e9diteurs et des maisons de disques en mati\u00e8re de copie priv\u00e9e.<\/p>\n<p>C\u2019est en 1997 que la redevance pour la copie priv\u00e9e a \u00e9t\u00e9 \u00e9tablie par le gouvernement f\u00e9d\u00e9ral. Actuellement, elle s\u2019applique aux CD-R au taux de 0,29\u00a0$ l\u2019unit\u00e9. Or, nous savons tous que, de nos jours, la plupart des gens copient de la musique au moyen de t\u00e9l\u00e9phones intelligents et de tablettes. C\u2019est ainsi que les cr\u00e9ateurs de musique NE re\u00e7oivent PAS de d\u00e9dommagement lorsque des copies de leur musique sont r\u00e9alis\u00e9es \u00e0 l\u2019aide de ces appareils.<\/p>\n<p>Les revenus tir\u00e9s de la redevance pour la copie priv\u00e9e chutent rapidement \u00e0 mesure que les consommateurs adoptent les nouvelles technologies pour copier de la musique \u00e0 des fins priv\u00e9es. La SCPCP et les organismes qui en sont membres militent fortement pour que des changements \u00e0 la <em>Loi sur le droit d\u2019auteur<\/em> soient apport\u00e9s et exercent des pressions aupr\u00e8s du gouvernement afin de s\u2019assurer de la d\u00e9fense des int\u00e9r\u00eats des titulaires de droits. Il convient de moderniser la loi en assujettissant les technologies actuelles que les gens utilisent pour copier de la musique \u00e0 la redevance pour la copie priv\u00e9e.<\/p>\n<p>&nbsp;<\/p>\n<h2><strong>Activit\u00e9s r\u00e9centes<\/strong><\/h2>\n<ul>\n<li>Le 28 ao\u00fbt 2025, <em>la SCPCP a\u00a0<a href=\"https:\/\/www.cpcc.ca\/fr\/la-scpcp\/defense-des-interets\/cpcc-prebudget-1aug25\" rel=\"attachment wp-att-1949\">soumis ses recommandations<\/a>\u00a0au Minist\u00e8re des Finances en vue du budget de 2025<\/em>.<\/li>\n<li>Le 1 ao\u00fbt 2025, <em>la SCPCP a\u00a0<a href=\"https:\/\/www.cpcc.ca\/fr\/la-scpcp\/defense-des-interets\/cpcc-prebudget-1aug25\" rel=\"attachment wp-att-1949\">soumis ses recommandations<\/a>\u00a0au Comit\u00e9 permanent des finances en vue du budget de 2025<\/em>.<\/li>\n<li>Le 2 ao\u00fbt 2024, <em>la SCPCP a\u00a0<a href=\"https:\/\/www.cpcc.ca\/fr\/la-scpcp\/defense-des-interets\/cpcc-budget-2025-fina-submission-final\" rel=\"attachment wp-att-1891\">soumis ses recommandations<\/a>\u00a0au Comit\u00e9 permanent des finances en vue du budget de 2025<\/em>.<\/li>\n<li>Le 17 avril 2024, la SCPCP a publi\u00e9 sa <a href=\"https:\/\/www.cpcc.ca\/fr\/la-scpcp\/defense-des-interets\/scpcp-budget-2024-frn-17avril24\" rel=\"attachment wp-att-1886\">r\u00e9ponse au budget f\u00e9d\u00e9ral 2024.<\/a><\/li>\n<li>Le 9 f\u00e9vrier 2024, <em>la SCPCP a\u00a0<a href=\"https:\/\/www.cpcc.ca\/fr\/la-scpcp\/defense-des-interets\/cpcc-budget-2024-submission-department-of-finance-9feb24\" rel=\"attachment wp-att-1882\">soumis ses recommandations<\/a> au au Minist\u00e8re des Finances en vue du budget de 2024<\/em>.<\/li>\n<li>Le 4 ao\u00fbt 2023,\u00a0<em>la SCPCP a <a href=\"https:\/\/www.cpcc.ca\/fr\/la-scpcp\/defense-des-interets\/cpcc-budget-2024-submission-fina-4aug23\" rel=\"attachment wp-att-1877\">soumis ses recommandations<\/a> au Comit\u00e9 permanent des finances en vue du budget de 2024<\/em>.<\/li>\n<li>Le 30 mars 2023, la SCPCP a publi\u00e9 sa <a href=\"https:\/\/www.cpcc.ca\/fr\/la-scpcp\/defense-des-interets\/cpcc-budget-response-fr\" rel=\"attachment wp-att-1870\">r\u00e9ponse au budget f\u00e9d\u00e9ral 2023.<\/a><\/li>\n<li>Le 10 f\u00e9vrier 2023,\u00a0<em>la SCPCP a <a href=\"https:\/\/www.cpcc.ca\/fr\/la-scpcp\/defense-des-interets\/cpcc-budget-2023-submission-9feb23\" rel=\"attachment wp-att-1867\">soumis ses recommandations<\/a> au Minist\u00e8re des Finances en vue du budget de 2023<\/em>.<\/li>\n<li>Le 8 octobre 2022, la SCPCP a <a href=\"http:\/\/www.cpcc.ca\/en\/wp-content\/uploads\/2022\/10\/CPCC-Budget-2023-Submission-FINA-6Oct22.pdf\">soumis ses recommendations<\/a><em>\u00a0au Comit\u00e9 permanent des finances en vue du budget de 2023<\/em>.<\/li>\n<li>Le 25 f\u00e9vrier 2022,<em> la SCPCP a\u00a0<a href=\"https:\/\/www.cpcc.ca\/fr\/la-scpcp\/defense-des-interets\/cpcc-submission-in-advance-of-upcoming-federal-budget-2022-feb-25-2022\" rel=\"attachment wp-att-1850\">soumis ses recommandations<\/a> au Minist\u00e8re des Finances en vue du budget de 2022<\/em>.<\/li>\n<li>Le 6 ao\u00fbt 2021, la SCPCP a <a href=\"https:\/\/www.cpcc.ca\/en\/wp-content\/uploads\/2022\/05\/CPCC-Submission-in-Advance-of-Upcoming-Federal-Budget-2022.pdf\">soumis <\/a><em>ses recommandations au Comit\u00e9 permanent des finances en vue du budget de 2022<\/em>.<\/li>\n<li>Le 31 mai 2021, <em>la SCPCP a pr\u00e9sent\u00e9 une soumission \u00e9crite<\/em> aux consultations cibl\u00e9es sur les interm\u00e9diaires en ligne.<\/li>\n<li>Le 19 f\u00e9vrier 2021, la SCPCP a soumis <a href=\"https:\/\/www.cpcc.ca\/en\/wp-content\/uploads\/2021\/04\/CPCC-Submission-to-Finance-Department-2021-PreBudget-19Feb21.pdf\"><em>ses recommandations au Minist\u00e8re des finances en vue du budget de 2021<\/em><\/a>. <em>(La traduction fran\u00e7aise n\u2019est pas disponible)<\/em><\/li>\n<li>Le 7 ao\u00fbt 2020,<em> <a href=\"http:\/\/www.cpcc.ca\/en\/wp-content\/uploads\/2021\/04\/CanadianPrivateCopyingCollective-10290644-f.pdf\">la SCPCP a soumis ses recommandations<\/a><\/em> au Comit\u00e9 permanent des finances en vue du budget de 2021.<\/li>\n<li>Le 7 juillet 2020, <em><a href=\"http:\/\/www.cpcc.ca\/fr\/wp-content\/uploads\/2020\/08\/SCPCP-Lettre-avec-signataires-7juillet20.pdf\">une lettre sign\u00e9e par la SCPCP et 19 organismes<\/a><\/em> a \u00e9t\u00e9 envoy\u00e9e aux ministres Guilbeault et Bains pour les inciter \u00e0 modifier <em>la Loi sur le droit d\u2019auteur<\/em>, car \u00e0 moyen et long terme, les solutions de march\u00e9 comme un r\u00e9gime de perception de la copie priv\u00e9e technologiquement neutre seront essentielles \u00e0 la reprise \u00e9conomique du Canada.<\/li>\n<li>Aucun fonds int\u00e9rimaire n\u2019ayant \u00e9t\u00e9 pr\u00e9vu dans le Budget de 2019, la SCPCP a de nouveau <em><a href=\"http:\/\/www.cpcc.ca\/fr\/wp-content\/uploads\/2019\/08\/CPCC-Pre-Budget-2020-Submission-2Aug19-EN.pdf\">soumis ses recommandations<\/a><\/em> en vue du Budget f\u00e9d\u00e9ral de 2020.<\/li>\n<li>Le 29 mai 2018, des repr\u00e9sentants de la Soci\u00e9t\u00e9 canadienne de perception de la copie priv\u00e9e (SCPCP) ont comparu devant le Comit\u00e9 permanent du patrimoine canadien. Vous pouvez<em> <a href=\"http:\/\/www.cpcc.ca\/fr\/wp-content\/uploads\/2018\/10\/Canadian-Heritage-Remarks-FR.pdf\">lire leurs t\u00e9moignages complets<\/a><\/em> ou <a href=\"http:\/\/parlvu.parl.gc.ca\/XRender\/fr\/PowerBrowser\/PowerBrowserV2\/20180529\/-1\/29427?Language=English&amp;Stream=Video&amp;useragent=Mozilla\/5.0%20(Windows%20NT%206.1;%20Win64;%20x64)%20AppleWebKit\/537.36%20(KHTML,%20like%20Gecko)%20Chrome\/68.0.3440.106%20Safari\/537.36\"><em>les \u00e9couter sur ParlVU<\/em>.<\/a> Vous pouvez \u00e9galement <a href=\"http:\/\/www.cpcc.ca\/fr\/wp-content\/uploads\/2019\/05\/CPCC-Submission-CHPC-Remuneration-FR.pdf\"><em>lire le document soumis au comit\u00e9 <\/em><\/a>(tel que traduit par le comit\u00e9).<\/li>\n<li>Puisque la mise sur pied d\u2019un fonds n\u2019a pas \u00e9t\u00e9 incluse dans le budget de 2018, <em><a href=\"http:\/\/www.cpcc.ca\/fr\/wp-content\/uploads\/2018\/10\/CPCC-Recommendations-FR.pdf\">la SCPCP a soumis ses recommandations<\/a><\/em> au Comit\u00e9 permanent des finances en vue du budget de 2019, \u00e0 la suite duquel le comit\u00e9, compos\u00e9 de d\u00e9put\u00e9s de tous les partis, a recommand\u00e9 que le gouvernement du Canada : \u00abTravaille avec la Soci\u00e9t\u00e9 canadienne de perception de la copie priv\u00e9e afin d\u2019\u00e9tudier une solution \u00e0 la fois provisoire et permanente pour s\u2019assurer que les d\u00e9tenteurs de droits continuent \u00e0 \u00eatre r\u00e9mun\u00e9r\u00e9s pour les copies priv\u00e9es non autoris\u00e9es de leur musique.\u00bb<\/li>\n<li>Le 14 juin 2018, des repr\u00e9sentants de la SCPCP ont comparu devant le Comit\u00e9 permanent de l\u2019industrie, des sciences et de la technologie. Vous pouvez <em><a href=\"http:\/\/www.cpcc.ca\/fr\/wp-content\/uploads\/2018\/10\/INDU-Remarks-FR.pdf\">lire leurs t\u00e9moignages complets<\/a><\/em> ou <a href=\"http:\/\/parlvu.parl.gc.ca\/XRender\/fr\/PowerBrowser\/PowerBrowserV2\/20180614\/-1\/29514?Language=English&amp;Stream=Video&amp;useragent=Mozilla\/5.0%20(Windows%20NT%206.1;%20Win64;%20x64)%20AppleWebKit\/537.36%20(KHTML,%20like%20Gecko)%20Chrome\/68.0.3440.106%20Safari\/537.36\"><em>les \u00e9couter sur ParlVU<\/em>.<\/a> Vous pouvez \u00e9galement <a href=\"http:\/\/www.cpcc.ca\/fr\/wp-content\/uploads\/2019\/05\/CPCC-Submission-INDU-Copyright-Act-FR.pdf\"><em>lire le document soumis au comit\u00e9<\/em> <\/a>(tel que traduit par le comit\u00e9).<\/li>\n<li>L\u2019Association des auteurs-compositeurs canadiens (AACC) a encourag\u00e9 ceux qui appuient \u00e0 <em><a href=\"http:\/\/www.cpcc.ca\/fr\/wp-content\/uploads\/2018\/10\/Songwriters-Assoc-of-Canada-web-size.png\">signer des cartes postales<\/a><\/em> pr\u00e9-imprim\u00e9es et \u00e0 les faire parvenir au greffier et aux membres du Comit\u00e9 permanent de l\u2019industrie, des sciences et de la technologie pour leur demander de modifier <em>la Loi sur le droit d\u2019auteur<\/em> afin que les redevances sur la copie priv\u00e9e soient exigibles sur les appareils que les Canadiens utilisent aujourd\u2019hui et utiliseront dans l\u2019avenir pour effectuer des copies priv\u00e9es. Pour en savoir plus ou participer \u00e0 la campagne, <a href=\"http:\/\/www.songwriters.ca\/contact.aspx\"><em>communiquez avec l\u2019Association des auteurs-compositeurs canadiens<\/em>.<\/a><\/li>\n<li>En janvier 2018, <em><a href=\"http:\/\/www.cpcc.ca\/fr\/wp-content\/uploads\/2018\/10\/Letter-of-Support-by-15-orgs-FR.pdf\">une lettre sign\u00e9e par 15 organismes<\/a><\/em> a \u00e9t\u00e9 envoy\u00e9e aux ministres Morneau et Joly pour les inciter \u00e0 inclure la mise sur pied d\u2019un fonds compensatoire temporaire pour la copie priv\u00e9e dans le budget f\u00e9d\u00e9ral 2018.<\/li>\n<\/ul>\n<p>La SCPCP est maintenant pr\u00e9sente dans les m\u00e9dias sociaux!\u00a0 Suivez nos comptes Facebook, Twitter et Instagram pour rester inform\u00e9 du d\u00e9roulement de l&#8217;examen de <em>la Loi sur le droit d&#8217;auteur<\/em> et de nos activit\u00e9s.<\/p>\n<p><a href=\"https:\/\/www.facebook.com\/cpcc.scpcp\"><img decoding=\"async\" src=\"http:\/\/www.cpcc.ca\/fr\/wp-content\/uploads\/2018\/10\/facebook.png\" \/><\/a>\u00a0 <a href=\"https:\/\/twitter.com\/cpcc_scpcp\"><img decoding=\"async\" src=\"http:\/\/www.cpcc.ca\/fr\/wp-content\/uploads\/2018\/10\/twitter.png\" \/><\/a> <a href=\"https:\/\/www.instagram.com\/cpcc.scpcp\/\"><img loading=\"lazy\" decoding=\"async\" class=\"\" src=\"http:\/\/www.cpcc.ca\/fr\/wp-content\/uploads\/2011\/06\/INSTAGRAM-ICON.png\" width=\"24\" height=\"24\" \/><\/a><\/p>\n","protected":false},"excerpt":{"rendered":"<p>Le mandat de la SCPCP inclut la d\u00e9fense des droits des artistes-interpr\u00e8tes, des auteurs-compositeurs, des \u00e9diteurs et des maisons de disques en mati\u00e8re de copie priv\u00e9e. C\u2019est en 1997 que la redevance pour la copie priv\u00e9e a \u00e9t\u00e9 \u00e9tablie par le gouvernement f\u00e9d\u00e9ral. Actuellement, elle s\u2019applique aux CD-R au taux de 0,29\u00a0$ l\u2019unit\u00e9. Or, nous [&hellip;]<\/p>\n","protected":false},"author":5,"featured_media":0,"parent":4,"menu_order":0,"comment_status":"open","ping_status":"closed","template":"topic-page.php","meta":{"footnotes":""},"class_list":["post-84","page","type-page","status-publish","hentry"],"_links":{"self":[{"href":"https:\/\/www.cpcc.ca\/fr\/wp-json\/wp\/v2\/pages\/84","targetHints":{"allow":["GET"]}}],"collection":[{"href":"https:\/\/www.cpcc.ca\/fr\/wp-json\/wp\/v2\/pages"}],"about":[{"href":"https:\/\/www.cpcc.ca\/fr\/wp-json\/wp\/v2\/types\/page"}],"author":[{"embeddable":true,"href":"https:\/\/www.cpcc.ca\/fr\/wp-json\/wp\/v2\/users\/5"}],"replies":[{"embeddable":true,"href":"https:\/\/www.cpcc.ca\/fr\/wp-json\/wp\/v2\/comments?post=84"}],"version-history":[{"count":22,"href":"https:\/\/www.cpcc.ca\/fr\/wp-json\/wp\/v2\/pages\/84\/revisions"}],"predecessor-version":[{"id":1952,"href":"https:\/\/www.cpcc.ca\/fr\/wp-json\/wp\/v2\/pages\/84\/revisions\/1952"}],"up":[{"embeddable":true,"href":"https:\/\/www.cpcc.ca\/fr\/wp-json\/wp\/v2\/pages\/4"}],"wp:attachment":[{"href":"https:\/\/www.cpcc.ca\/fr\/wp-json\/wp\/v2\/media?parent=84"}],"curies":[{"name":"wp","href":"https:\/\/api.w.org\/{rel}","templated":true}]}}