{"id":89,"date":"2011-06-13T15:03:34","date_gmt":"2011-06-13T15:03:34","guid":{"rendered":"http:\/\/www.cpcc.ca\/fr\/?page_id=89"},"modified":"2018-09-27T15:45:39","modified_gmt":"2018-09-27T15:45:39","slug":"points-saillants-financiers","status":"publish","type":"page","link":"https:\/\/www.cpcc.ca\/fr\/la-scpcp\/points-saillants-financiers","title":{"rendered":"Points saillants financiers"},"content":{"rendered":"<p>Les \u00e9tats financiers annuels audit\u00e9s de la SCPCP sont affich\u00e9s sur son site Internet apr\u00e8s la tenue de son assembl\u00e9e g\u00e9n\u00e9rale annuelle. Celle-ci a habituellement lieu en juin de chaque ann\u00e9e.<\/p>\n<p>&nbsp;<\/p>\n<p><a href=\"http:\/\/www.cpcc.ca\/fr\/wp-content\/uploads\/2018\/09\/Financial-Highlights-2010-2017-FR.pdf\">Points Saillants Financiers (2010 &#8211; 2017)<\/a><\/p>\n<p><a href=\"http:\/\/www.cpcc.ca\/fr\/wp-content\/uploads\/2018\/09\/Financial-Highlights-1999-2009-FR.pdf\">Points Saillants Financiers (1999 &#8211; 2009)<\/a><\/p>\n","protected":false},"excerpt":{"rendered":"<p>Les \u00e9tats financiers annuels audit\u00e9s de la SCPCP sont affich\u00e9s sur son site Internet apr\u00e8s la tenue de son assembl\u00e9e g\u00e9n\u00e9rale annuelle. Celle-ci a habituellement lieu en juin de chaque ann\u00e9e. &nbsp; Points Saillants Financiers (2010 &#8211; 2017) Points Saillants Financiers (1999 &#8211; 2009)<\/p>\n","protected":false},"author":5,"featured_media":0,"parent":4,"menu_order":0,"comment_status":"open","ping_status":"closed","template":"topic-page.php","meta":{"footnotes":""},"class_list":["post-89","page","type-page","status-publish","hentry"],"_links":{"self":[{"href":"https:\/\/www.cpcc.ca\/fr\/wp-json\/wp\/v2\/pages\/89","targetHints":{"allow":["GET"]}}],"collection":[{"href":"https:\/\/www.cpcc.ca\/fr\/wp-json\/wp\/v2\/pages"}],"about":[{"href":"https:\/\/www.cpcc.ca\/fr\/wp-json\/wp\/v2\/types\/page"}],"author":[{"embeddable":true,"href":"https:\/\/www.cpcc.ca\/fr\/wp-json\/wp\/v2\/users\/5"}],"replies":[{"embeddable":true,"href":"https:\/\/www.cpcc.ca\/fr\/wp-json\/wp\/v2\/comments?post=89"}],"version-history":[{"count":5,"href":"https:\/\/www.cpcc.ca\/fr\/wp-json\/wp\/v2\/pages\/89\/revisions"}],"predecessor-version":[{"id":1593,"href":"https:\/\/www.cpcc.ca\/fr\/wp-json\/wp\/v2\/pages\/89\/revisions\/1593"}],"up":[{"embeddable":true,"href":"https:\/\/www.cpcc.ca\/fr\/wp-json\/wp\/v2\/pages\/4"}],"wp:attachment":[{"href":"https:\/\/www.cpcc.ca\/fr\/wp-json\/wp\/v2\/media?parent=89"}],"curies":[{"name":"wp","href":"https:\/\/api.w.org\/{rel}","templated":true}]}}