{"id":9,"date":"2011-06-06T20:29:13","date_gmt":"2011-06-06T20:29:13","guid":{"rendered":"http:\/\/www.cpcc.ca\/fr\/?page_id=9"},"modified":"2025-11-07T15:55:42","modified_gmt":"2025-11-07T20:55:42","slug":"programme-du-taux-zero","status":"publish","type":"page","link":"https:\/\/www.cpcc.ca\/fr\/programme-du-taux-zero","title":{"rendered":"Programme du taux z\u00e9ro"},"content":{"rendered":"<p>La SCPCP exploite de fa\u00e7on volontaire le Programme du taux z\u00e9ro en reconnaissance du fait que plusieurs entreprises et organismes emploient des supports vierges pouvant \u00eatre assujettis \u00e0 la redevance pour leur utilisation commerciale. Le programme permet aux entreprises qui y sont inscrites d\u2019acheter ou de vendre des supports audio vierges au \u00ab taux z\u00e9ro \u00bb aupr\u00e8s des vendeurs autoris\u00e9s.<\/p>\n<p>La SCPCP consid\u00e8re que le recours abusif au Programme du taux z\u00e9ro et l\u2019utilisation abusive de ce programme constituent des fautes graves. Si n\u00e9cessaire, elle entreprend des d\u00e9marches devant les tribunaux afin de faire appliquer le programme. Les entreprises qui souhaitent s\u2019inscrire au Programme du taux z\u00e9ro doivent signer l\u2019entente de la SCPCP relative \u00e0 ce sujet. Elles doivent \u00e9galement s\u2019assurer qu\u2019elles en comprennent bien les modalit\u00e9s et s\u2019y conforment.<\/p>\n<p><a href=\"http:\/\/www.cpcc.ca\/fr\/wp-content\/uploads\/2014\/07\/Zero-Rating-Reporting-Tip-Sheet-2-FR-2014.pdf\">Fiche-conseils relative aux rapports du Programme du taux z\u00e9ro<\/a><\/p>\n<p>&nbsp;<\/p>\n<p>Pour toute question envoyer un message \u00e0 admin@scpcp.ca<\/p>\n<p>&nbsp;<\/p>\n","protected":false},"excerpt":{"rendered":"<p>La SCPCP exploite de fa\u00e7on volontaire le Programme du taux z\u00e9ro en reconnaissance du fait que plusieurs entreprises et organismes emploient des supports vierges pouvant \u00eatre assujettis \u00e0 la redevance pour leur utilisation commerciale. Le programme permet aux entreprises qui y sont inscrites d\u2019acheter ou de vendre des supports audio vierges au \u00ab taux z\u00e9ro [&hellip;]<\/p>\n","protected":false},"author":5,"featured_media":0,"parent":0,"menu_order":0,"comment_status":"open","ping_status":"closed","template":"topic-page.php","meta":{"footnotes":""},"class_list":["post-9","page","type-page","status-publish","hentry"],"_links":{"self":[{"href":"https:\/\/www.cpcc.ca\/fr\/wp-json\/wp\/v2\/pages\/9","targetHints":{"allow":["GET"]}}],"collection":[{"href":"https:\/\/www.cpcc.ca\/fr\/wp-json\/wp\/v2\/pages"}],"about":[{"href":"https:\/\/www.cpcc.ca\/fr\/wp-json\/wp\/v2\/types\/page"}],"author":[{"embeddable":true,"href":"https:\/\/www.cpcc.ca\/fr\/wp-json\/wp\/v2\/users\/5"}],"replies":[{"embeddable":true,"href":"https:\/\/www.cpcc.ca\/fr\/wp-json\/wp\/v2\/comments?post=9"}],"version-history":[{"count":11,"href":"https:\/\/www.cpcc.ca\/fr\/wp-json\/wp\/v2\/pages\/9\/revisions"}],"predecessor-version":[{"id":1935,"href":"https:\/\/www.cpcc.ca\/fr\/wp-json\/wp\/v2\/pages\/9\/revisions\/1935"}],"wp:attachment":[{"href":"https:\/\/www.cpcc.ca\/fr\/wp-json\/wp\/v2\/media?parent=9"}],"curies":[{"name":"wp","href":"https:\/\/api.w.org\/{rel}","templated":true}]}}