{"id":96,"date":"2011-06-13T15:30:19","date_gmt":"2011-06-13T15:30:19","guid":{"rendered":"http:\/\/www.cpcc.ca\/fr\/?page_id=96"},"modified":"2026-02-26T11:18:47","modified_gmt":"2026-02-26T16:18:47","slug":"notre-equipe","status":"publish","type":"page","link":"https:\/\/www.cpcc.ca\/fr\/la-scpcp\/notre-equipe","title":{"rendered":"Notre \u00e9quipe"},"content":{"rendered":"<h2><strong>Conseil d\u2019administration<\/strong><\/h2>\n<ul>\n<li>Jennifer Brown (SOCAN), pr\u00e9sidente<\/li>\n<li>Claude Brunet, secr\u00e9taire<\/li>\n<li>Anna Bucci (ACTRA), tr\u00e9sori\u00e8re<\/li>\n<li>Kortnee Borden (ACTRA RACS), administrateur<\/li>\n<li>Laurie Gelbloom (CMRRA), administratrice<\/li>\n<li>Thomas Jolicoeur (Panorama), administrateur<\/li>\n<li>Lou Ragagnin (R\u00e9:Sonne), vice-pr\u00e9sident &amp; administrateur<\/li>\n<\/ul>\n<p>&nbsp;<\/p>\n<h2><strong>Personnel<\/strong><\/h2>\n<table border=\"0\" width=\"564\" cellspacing=\"0\" cellpadding=\"0\">\n<colgroup>\n<col width=\"119\" \/>\n<col width=\"270\" \/>\n<col width=\"127\" \/>\n<col width=\"48\" \/><\/colgroup>\n<tbody>\n<tr>\n<td width=\"170\" height=\"22\">Lisa Freeman<\/td>\n<td width=\"400\">Directrice g\u00e9n\u00e9rale<\/td>\n<td width=\"120\"><a href=\"mailto:lfreeman@scpcp.ca\">lfreeman@scpcp.ca<\/a><\/td>\n<td width=\"20\">p. 223<\/td>\n<\/tr>\n<tr>\n<td height=\"22\">Laura Holtebrinck<\/td>\n<td>Gestionnaire, Communications<\/td>\n<td><a href=\"mailto:lholtebrinck@cpcc.ca\">lholtebrinck@cpcc.ca<\/a><\/td>\n<td>p. 226<\/td>\n<\/tr>\n<tr>\n<td height=\"22\">Rahul Somisetty<\/td>\n<td>Coordinateur du Programme du taux z\u00e9ro<\/td>\n<td><a href=\"mailto:rsomisetty@cpcc.ca\" target=\"_blank\" rel=\"noopener noreferrer\" data-auth=\"NotApplicable\" data-linkindex=\"0\">rsomisetty@cpcc.ca<\/a><\/td>\n<td>p. 222<\/td>\n<\/tr>\n<tr>\n<td height=\"22\"><\/td>\n<td><\/td>\n<td><\/td>\n<td><\/td>\n<\/tr>\n<\/tbody>\n<\/table>\n","protected":false},"excerpt":{"rendered":"<p>Conseil d\u2019administration Jennifer Brown (SOCAN), pr\u00e9sidente Claude Brunet, secr\u00e9taire Anna Bucci (ACTRA), tr\u00e9sori\u00e8re Kortnee Borden (ACTRA RACS), administrateur Laurie Gelbloom (CMRRA), administratrice Thomas Jolicoeur (Panorama), administrateur Lou Ragagnin (R\u00e9:Sonne), vice-pr\u00e9sident &amp; administrateur &nbsp; Personnel Lisa Freeman Directrice g\u00e9n\u00e9rale lfreeman@scpcp.ca p. 223 Laura Holtebrinck Gestionnaire, Communications lholtebrinck@cpcc.ca p. 226 Rahul Somisetty Coordinateur du Programme du taux [&hellip;]<\/p>\n","protected":false},"author":5,"featured_media":0,"parent":4,"menu_order":0,"comment_status":"open","ping_status":"closed","template":"topic-page.php","meta":{"footnotes":""},"class_list":["post-96","page","type-page","status-publish","hentry"],"_links":{"self":[{"href":"https:\/\/www.cpcc.ca\/fr\/wp-json\/wp\/v2\/pages\/96","targetHints":{"allow":["GET"]}}],"collection":[{"href":"https:\/\/www.cpcc.ca\/fr\/wp-json\/wp\/v2\/pages"}],"about":[{"href":"https:\/\/www.cpcc.ca\/fr\/wp-json\/wp\/v2\/types\/page"}],"author":[{"embeddable":true,"href":"https:\/\/www.cpcc.ca\/fr\/wp-json\/wp\/v2\/users\/5"}],"replies":[{"embeddable":true,"href":"https:\/\/www.cpcc.ca\/fr\/wp-json\/wp\/v2\/comments?post=96"}],"version-history":[{"count":16,"href":"https:\/\/www.cpcc.ca\/fr\/wp-json\/wp\/v2\/pages\/96\/revisions"}],"predecessor-version":[{"id":1947,"href":"https:\/\/www.cpcc.ca\/fr\/wp-json\/wp\/v2\/pages\/96\/revisions\/1947"}],"up":[{"embeddable":true,"href":"https:\/\/www.cpcc.ca\/fr\/wp-json\/wp\/v2\/pages\/4"}],"wp:attachment":[{"href":"https:\/\/www.cpcc.ca\/fr\/wp-json\/wp\/v2\/media?parent=96"}],"curies":[{"name":"wp","href":"https:\/\/api.w.org\/{rel}","templated":true}]}}